{"id":24656,"date":"2026-02-26T23:23:07","date_gmt":"2026-02-26T23:23:07","guid":{"rendered":"https:\/\/singularway.com\/?page_id=24656"},"modified":"2026-02-27T01:53:41","modified_gmt":"2026-02-27T01:53:41","slug":"limpezas","status":"publish","type":"page","link":"https:\/\/singularway.com\/en\/gestao-de-condominios\/servicos-condominios\/limpezas\/","title":{"rendered":"Limpezas"},"content":{"rendered":"\t\t<div data-elementor-type=\"wp-page\" data-elementor-id=\"24656\" class=\"elementor elementor-24656\" data-elementor-post-type=\"page\">\n\t\t\t\t<div class=\"elementor-element elementor-element-4a0adcb e-flex e-con-boxed e-con e-parent\" data-id=\"4a0adcb\" data-element_type=\"container\" data-e-type=\"container\" data-settings=\"{&quot;background_background&quot;:&quot;classic&quot;}\">\n\t\t\t\t\t<div class=\"e-con-inner\">\n\t\t\t\t\t<\/div>\n\t\t\t\t<\/div>\n\t\t<div class=\"elementor-element elementor-element-e9a423d e-flex e-con-boxed e-con e-parent\" data-id=\"e9a423d\" data-element_type=\"container\" data-e-type=\"container\" data-settings=\"{&quot;background_background&quot;:&quot;classic&quot;}\">\n\t\t\t\t\t<div class=\"e-con-inner\">\n\t\t<div class=\"elementor-element elementor-element-311b8a3 e-con-full e-flex e-con e-child\" data-id=\"311b8a3\" data-element_type=\"container\" data-e-type=\"container\" data-settings=\"{&quot;background_background&quot;:&quot;classic&quot;}\">\n\t\t\t\t<div class=\"elementor-element elementor-element-431df49 elementor-widget__width-initial elementor-widget elementor-widget-heading\" data-id=\"431df49\" data-element_type=\"widget\" data-e-type=\"widget\" data-widget_type=\"heading.default\">\n\t\t\t\t\t<h2 class=\"elementor-heading-title elementor-size-default\">SERVI\u00c7OS DE LIMPEZAS<\/h2>\t\t\t\t<\/div>\n\t\t\t\t<\/div>\n\t\t\t\t\t<\/div>\n\t\t\t\t<\/div>\n\t\t<div class=\"elementor-element elementor-element-08f8b96 e-flex e-con-boxed e-con e-parent\" data-id=\"08f8b96\" data-element_type=\"container\" data-e-type=\"container\">\n\t\t\t\t\t<div class=\"e-con-inner\">\n\t\t\t\t<div class=\"elementor-element elementor-element-0eaf354 elementor-widget elementor-widget-text-editor\" data-id=\"0eaf354\" data-element_type=\"widget\" data-e-type=\"widget\" data-widget_type=\"text-editor.default\">\n\t\t\t\t\t\t\t\t\t<div data-id=\"c902413\" data-element_type=\"widget\" data-e-type=\"widget\" data-widget_type=\"text-editor.default\">Somos especialistas na execu\u00e7\u00e3o de diversos servi\u00e7os de limpezas profissionais, desinfe\u00e7\u00e3o e higieniza\u00e7\u00e3o para empresas e particulares, habita\u00e7\u00f5es, espa\u00e7os comerciais, hotelaria, escrit\u00f3rios, consult\u00f3rios, clinicas, escolas, infant\u00e1rios, alojamentos locais, condom\u00ednios, gin\u00e1sios, \u00a0garagens, armaz\u00e9ns, p\u00f3s-obras, mudan\u00e7as, eventos, inc\u00eandios, lojas, grandes e m\u00e9dias superf\u00edcies, lavagem de vidros e montras, entre outros.\u00a0\u00a0<\/div>\t\t\t\t\t\t\t\t<\/div>\n\t\t\t\t\t<\/div>\n\t\t\t\t<\/div>\n\t\t<div class=\"elementor-element elementor-element-c2a6064 e-flex e-con-boxed e-con e-parent\" data-id=\"c2a6064\" data-element_type=\"container\" data-e-type=\"container\">\n\t\t\t\t\t<div class=\"e-con-inner\">\n\t\t<div class=\"elementor-element elementor-element-55f153a e-con-full e-flex e-con e-child\" data-id=\"55f153a\" data-element_type=\"container\" data-e-type=\"container\">\n\t\t\t\t<\/div>\n\t\t<div class=\"elementor-element elementor-element-9cbd6c9 e-con-full e-flex e-con e-child\" data-id=\"9cbd6c9\" data-element_type=\"container\" data-e-type=\"container\" data-settings=\"{&quot;background_background&quot;:&quot;classic&quot;}\">\n\t\t\t\t<div class=\"elementor-element elementor-element-a8003fb elementor-widget elementor-widget-heading\" data-id=\"a8003fb\" data-element_type=\"widget\" data-e-type=\"widget\" data-widget_type=\"heading.default\">\n\t\t\t\t\t<h2 class=\"elementor-heading-title elementor-size-default\">Deixe uma mensagem ou pedido de or\u00e7amento<\/h2>\t\t\t\t<\/div>\n\t\t\t\t<\/div>\n\t\t\t\t\t<\/div>\n\t\t\t\t<\/div>\n\t\t<div class=\"elementor-element elementor-element-159ce6a e-flex e-con-boxed e-con e-parent\" data-id=\"159ce6a\" data-element_type=\"container\" data-e-type=\"container\" data-settings=\"{&quot;background_background&quot;:&quot;classic&quot;}\">\n\t\t\t\t\t<div class=\"e-con-inner\">\n\t\t<div class=\"elementor-element elementor-element-7f79a62 e-con-full e-flex e-con e-child\" data-id=\"7f79a62\" data-element_type=\"container\" data-e-type=\"container\" data-settings=\"{&quot;background_background&quot;:&quot;classic&quot;}\">\n\t\t<div class=\"elementor-element elementor-element-1e74eb0 e-con-full e-flex e-con e-child\" data-id=\"1e74eb0\" data-element_type=\"container\" data-e-type=\"container\">\n\t\t<div class=\"elementor-element elementor-element-3eedac3 e-con-full e-flex e-con e-child\" data-id=\"3eedac3\" data-element_type=\"container\" data-e-type=\"container\" data-settings=\"{&quot;background_background&quot;:&quot;classic&quot;}\">\n\t\t\t\t<div class=\"elementor-element elementor-element-0a3fa62 elementor-widget elementor-widget-wpforms\" data-id=\"0a3fa62\" data-element_type=\"widget\" data-e-type=\"widget\" data-widget_type=\"wpforms.default\">\n\t\t\t\t<div class=\"elementor-widget-container\">\n\t\t\t\t\t<style id=\"wpforms-css-vars-elementor-widget-0a3fa62\">\n\t\t\t\t.elementor-widget-wpforms.elementor-element-0a3fa62 {\n\t\t\t\t--wpforms-field-border-style: dotted;\n--wpforms-button-background-color: #B71D20;\n--wpforms-field-size-input-height: 31px;\n--wpforms-field-size-input-spacing: 10px;\n--wpforms-field-size-font-size: 14px;\n--wpforms-field-size-line-height: 17px;\n--wpforms-field-size-padding-h: 9px;\n--wpforms-field-size-checkbox-size: 14px;\n--wpforms-field-size-sublabel-spacing: 5px;\n--wpforms-field-size-icon-size: 0.75;\n--wpforms-button-size-font-size: 20px;\n--wpforms-button-size-height: 48px;\n--wpforms-button-size-padding-h: 20px;\n--wpforms-button-size-margin-top: 15px;\n\t\t\t}\n\t\t\t<\/style><div class=\"wpforms-container wpforms-container-full wpforms-render-modern\" id=\"wpforms-23816\"><form id=\"wpforms-form-23816\" class=\"wpforms-validate wpforms-form wpforms-ajax-form\" data-formid=\"23816\" method=\"post\" enctype=\"multipart\/form-data\" action=\"\/en\/wp-json\/wp\/v2\/pages\/24656\" data-token=\"d5add63b65c56e1f05610b41d68a24d8\" data-token-time=\"1776718050\"><noscript class=\"wpforms-error-noscript\">Please enable JavaScript in your browser to complete this form.<\/noscript><div id=\"wpforms-error-noscript\" style=\"display: none;\">Please enable JavaScript in your browser to complete this form.<\/div><div class=\"wpforms-field-container\"><div id=\"wpforms-23816-field_1-container\" class=\"wpforms-field wpforms-field-name\" data-field-id=\"1\"><label class=\"wpforms-field-label\" for=\"wpforms-23816-field_1\">Nome <span class=\"wpforms-required-label\" aria-hidden=\"true\">*<\/span><\/label><input type=\"text\" id=\"wpforms-23816-field_1\" class=\"wpforms-field-medium wpforms-field-required\" name=\"wpforms[fields][1]\" aria-errormessage=\"wpforms-23816-field_1-error\" required><\/div><div id=\"wpforms-23816-field_12-container\" class=\"wpforms-field wpforms-field-layout\" data-field-id=\"12\"><div class=\"wpforms-field-layout-rows wpforms-field-large\"><div class=\"wpforms-layout-row\"><div class=\"wpforms-layout-column wpforms-layout-column-25\"><div id=\"wpforms-23816-field_5-container\" class=\"wpforms-field wpforms-field-phone\" data-field-id=\"5\"><label class=\"wpforms-field-label\" for=\"wpforms-23816-field_5\">Telefone<\/label><input type=\"tel\" id=\"wpforms-23816-field_5\" class=\"wpforms-field-small\" data-rule-int-phone-field=\"true\" name=\"wpforms[fields][5]\" aria-label=\"Telefone\" aria-errormessage=\"wpforms-23816-field_5-error\" ><\/div><\/div><div class=\"wpforms-layout-column wpforms-layout-column-25\"><div id=\"wpforms-23816-field_2-container\" class=\"wpforms-field wpforms-field-email\" data-field-id=\"2\"><label class=\"wpforms-field-label\" for=\"wpforms-23816-field_2\">Email <span class=\"wpforms-required-label\" aria-hidden=\"true\">*<\/span><\/label><input type=\"email\" id=\"wpforms-23816-field_2\" class=\"wpforms-field-small wpforms-field-required\" name=\"wpforms[fields][2]\" spellcheck=\"false\" aria-errormessage=\"wpforms-23816-field_2-error\" required><\/div><\/div><div class=\"wpforms-layout-column wpforms-layout-column-25\"><\/div><div class=\"wpforms-layout-column wpforms-layout-column-25\"><\/div><\/div><\/div><\/div><div id=\"wpforms-23816-field_6-container\" class=\"wpforms-field wpforms-field-layout\" data-field-id=\"6\"><div class=\"wpforms-field-layout-rows wpforms-field-large\"><div class=\"wpforms-layout-row\"><div class=\"wpforms-layout-column wpforms-layout-column-50\"><div id=\"wpforms-23816-field_7-container\" class=\"wpforms-field wpforms-field-text\" data-field-id=\"7\"><label class=\"wpforms-field-label\" for=\"wpforms-23816-field_7\">Morada Completa<\/label><input type=\"text\" id=\"wpforms-23816-field_7\" class=\"wpforms-field-medium\" name=\"wpforms[fields][7]\" aria-errormessage=\"wpforms-23816-field_7-error\" ><\/div><\/div><div class=\"wpforms-layout-column wpforms-layout-column-25\"><div id=\"wpforms-23816-field_8-container\" class=\"wpforms-field wpforms-field-text\" data-field-id=\"8\"><label class=\"wpforms-field-label\" for=\"wpforms-23816-field_8\">N\u00ba de Fra\u00e7\u00f5es<\/label><input type=\"text\" id=\"wpforms-23816-field_8\" class=\"wpforms-field-medium\" name=\"wpforms[fields][8]\" aria-errormessage=\"wpforms-23816-field_8-error\" ><\/div><\/div><div class=\"wpforms-layout-column wpforms-layout-column-25\"><\/div><\/div><\/div><\/div>\t\t<div id=\"wpforms-23816-field_4-container\"\n\t\t\tclass=\"wpforms-field wpforms-field-text\"\n\t\t\tdata-field-type=\"text\"\n\t\t\tdata-field-id=\"4\"\n\t\t\t>\n\t\t\t<label class=\"wpforms-field-label\" for=\"wpforms-23816-field_4\" >Servi\u00e7os N\u00ba Telefone<\/label>\n\t\t\t<input type=\"text\" id=\"wpforms-23816-field_4\" class=\"wpforms-field-medium\" name=\"wpforms[fields][4]\" >\n\t\t<\/div>\n\t\t<div id=\"wpforms-23816-field_15-container\" class=\"wpforms-field wpforms-field-checkbox wpforms-list-2-columns\" data-field-id=\"15\"><fieldset><legend class=\"wpforms-field-label\">Servi\u00e7os Dispon\u00edveis<\/legend><ul id=\"wpforms-23816-field_15\"><li class=\"choice-1 depth-1\"><input type=\"checkbox\" id=\"wpforms-23816-field_15_1\" name=\"wpforms[fields][15][]\" value=\"Administra\u00e7\u00e3o de Condom\u00ednios\" aria-errormessage=\"wpforms-23816-field_15_1-error\"  ><label class=\"wpforms-field-label-inline\" for=\"wpforms-23816-field_15_1\">Administra\u00e7\u00e3o de Condom\u00ednios<\/label><\/li><li class=\"choice-2 depth-1\"><input type=\"checkbox\" id=\"wpforms-23816-field_15_2\" name=\"wpforms[fields][15][]\" value=\"Gest\u00e3o Financeira\" aria-errormessage=\"wpforms-23816-field_15_2-error\"  ><label class=\"wpforms-field-label-inline\" for=\"wpforms-23816-field_15_2\">Gest\u00e3o Financeira<\/label><\/li><li class=\"choice-3 depth-1\"><input type=\"checkbox\" id=\"wpforms-23816-field_15_3\" name=\"wpforms[fields][15][]\" value=\"Consultoria Jur\u00eddica\" aria-errormessage=\"wpforms-23816-field_15_3-error\"  ><label class=\"wpforms-field-label-inline\" for=\"wpforms-23816-field_15_3\">Consultoria Jur\u00eddica<\/label><\/li><li class=\"choice-4 depth-1\"><input type=\"checkbox\" id=\"wpforms-23816-field_15_4\" name=\"wpforms[fields][15][]\" value=\"Contabilidade e Transpar\u00eancia\" aria-errormessage=\"wpforms-23816-field_15_4-error\"  ><label class=\"wpforms-field-label-inline\" for=\"wpforms-23816-field_15_4\">Contabilidade e Transpar\u00eancia<\/label><\/li><li class=\"choice-5 depth-1\"><input type=\"checkbox\" id=\"wpforms-23816-field_15_5\" name=\"wpforms[fields][15][]\" value=\"Servi\u00e7os Personalizados\" aria-errormessage=\"wpforms-23816-field_15_5-error\"  ><label class=\"wpforms-field-label-inline\" for=\"wpforms-23816-field_15_5\">Servi\u00e7os Personalizados<\/label><\/li><li class=\"choice-6 depth-1\"><input type=\"checkbox\" id=\"wpforms-23816-field_15_6\" name=\"wpforms[fields][15][]\" value=\"Limpeza\" aria-errormessage=\"wpforms-23816-field_15_6-error\"  ><label class=\"wpforms-field-label-inline\" for=\"wpforms-23816-field_15_6\">Limpeza<\/label><\/li><\/ul><\/fieldset><\/div><div id=\"wpforms-23816-field_3-container\" class=\"wpforms-field wpforms-field-textarea\" data-field-id=\"3\"><label class=\"wpforms-field-label\" for=\"wpforms-23816-field_3\">Mensagem<\/label><textarea id=\"wpforms-23816-field_3\" class=\"wpforms-field-medium\" name=\"wpforms[fields][3]\" aria-errormessage=\"wpforms-23816-field_3-error\" ><\/textarea><\/div><script>\n\t\t\t\t( function() {\n\t\t\t\t\tconst style = document.createElement( 'style' );\n\t\t\t\t\tstyle.appendChild( document.createTextNode( '#wpforms-23816-field_4-container { position: absolute !important; overflow: hidden !important; display: inline !important; height: 1px !important; width: 1px !important; z-index: -1000 !important; padding: 0 !important; } #wpforms-23816-field_4-container input { visibility: hidden; } #wpforms-conversational-form-page #wpforms-23816-field_4-container label { counter-increment: none; }' ) );\n\t\t\t\t\tdocument.head.appendChild( style );\n\t\t\t\t\tdocument.currentScript?.remove();\n\t\t\t\t} )();\n\t\t\t<\/script><\/div><!-- .wpforms-field-container --><div class=\"wpforms-recaptcha-container wpforms-is-recaptcha wpforms-is-recaptcha-type-v2\" ><div class=\"g-recaptcha\" data-sitekey=\"6LffRFksAAAAAG1cpylq33qKFkPS6V_5zPom9FhC\"><\/div><input type=\"text\" name=\"g-recaptcha-hidden\" class=\"wpforms-recaptcha-hidden\" style=\"position:absolute!important;clip:rect(0,0,0,0)!important;height:1px!important;width:1px!important;border:0!important;overflow:hidden!important;padding:0!important;margin:0!important;\" data-rule-recaptcha=\"1\"><\/div><div class=\"wpforms-submit-container\" ><input type=\"hidden\" name=\"wpforms[id]\" value=\"23816\"><input type=\"hidden\" name=\"page_title\" value=\"\"><input type=\"hidden\" name=\"page_url\" value=\"https:\/\/singularway.com\/en\/wp-json\/wp\/v2\/pages\/24656\"><input type=\"hidden\" name=\"url_referer\" value=\"\"><button type=\"submit\" name=\"wpforms[submit]\" id=\"wpforms-submit-23816\" class=\"wpforms-submit\" data-alt-text=\"Enviando....\" data-submit-text=\"Enviar\" aria-live=\"assertive\" value=\"wpforms-submit\">Enviar<\/button><img decoding=\"async\" src=\"https:\/\/singularway.com\/wp-content\/plugins\/wpforms\/assets\/images\/submit-spin.svg\" class=\"wpforms-submit-spinner\" style=\"display: none;\" width=\"26\" height=\"26\" alt=\"Loading\"><\/div><\/form><\/div>  <!-- .wpforms-container -->\t\t\t\t<\/div>\n\t\t\t\t<\/div>\n\t\t\t\t<\/div>\n\t\t\t\t<\/div>\n\t\t<div class=\"elementor-element elementor-element-49a0a6f e-con-full e-flex e-con e-child\" data-id=\"49a0a6f\" data-element_type=\"container\" data-e-type=\"container\">\n\t\t\t\t<div class=\"elementor-element elementor-element-c0b1fb0 elementor-widget__width-initial elementor-widget-tablet__width-initial elementor-widget elementor-widget-text-editor\" data-id=\"c0b1fb0\" data-element_type=\"widget\" data-e-type=\"widget\" data-widget_type=\"text-editor.default\">\n\t\t\t\t\t\t\t\t\t<p>Nossos Contactos<\/p><p>condominio@singularway.com<\/p><p>Telefone 1 : (+351) 928 388 409<\/p><p>Telefone 2 : (+351) 928 393 049<\/p>\t\t\t\t\t\t\t\t<\/div>\n\t\t\t\t<\/div>\n\t\t\t\t<\/div>\n\t\t\t\t\t<\/div>\n\t\t\t\t<\/div>\n\t\t\t\t<\/div>\n\t\t","protected":false},"excerpt":{"rendered":"<p>SERVI\u00c7OS DE LIMPEZAS Somos especialistas na execu\u00e7\u00e3o de diversos servi\u00e7os de limpezas profissionais, desinfe\u00e7\u00e3o e higieniza\u00e7\u00e3o para empresas e particulares, habita\u00e7\u00f5es, espa\u00e7os comerciais, hotelaria, escrit\u00f3rios, consult\u00f3rios, clinicas, escolas, infant\u00e1rios, alojamentos locais, condom\u00ednios, gin\u00e1sios, \u00a0garagens, armaz\u00e9ns, p\u00f3s-obras, mudan\u00e7as, eventos, inc\u00eandios, lojas, grandes e m\u00e9dias superf\u00edcies, lavagem de vidros e montras, entre outros.\u00a0\u00a0 Deixe uma mensagem ou [&hellip;]<\/p>\n","protected":false},"author":1,"featured_media":0,"parent":24123,"menu_order":0,"comment_status":"closed","ping_status":"closed","template":"","meta":{"footnotes":""},"class_list":["post-24656","page","type-page","status-publish","hentry"],"_links":{"self":[{"href":"https:\/\/singularway.com\/en\/wp-json\/wp\/v2\/pages\/24656","targetHints":{"allow":["GET"]}}],"collection":[{"href":"https:\/\/singularway.com\/en\/wp-json\/wp\/v2\/pages"}],"about":[{"href":"https:\/\/singularway.com\/en\/wp-json\/wp\/v2\/types\/page"}],"author":[{"embeddable":true,"href":"https:\/\/singularway.com\/en\/wp-json\/wp\/v2\/users\/1"}],"replies":[{"embeddable":true,"href":"https:\/\/singularway.com\/en\/wp-json\/wp\/v2\/comments?post=24656"}],"version-history":[{"count":74,"href":"https:\/\/singularway.com\/en\/wp-json\/wp\/v2\/pages\/24656\/revisions"}],"predecessor-version":[{"id":24822,"href":"https:\/\/singularway.com\/en\/wp-json\/wp\/v2\/pages\/24656\/revisions\/24822"}],"up":[{"embeddable":true,"href":"https:\/\/singularway.com\/en\/wp-json\/wp\/v2\/pages\/24123"}],"wp:attachment":[{"href":"https:\/\/singularway.com\/en\/wp-json\/wp\/v2\/media?parent=24656"}],"curies":[{"name":"wp","href":"https:\/\/api.w.org\/{rel}","templated":true}]}}