{"id":24125,"date":"2026-02-20T23:59:41","date_gmt":"2026-02-20T23:59:41","guid":{"rendered":"https:\/\/singularway.com\/?page_id=24125"},"modified":"2026-02-26T23:58:44","modified_gmt":"2026-02-26T23:58:44","slug":"sobre-condominios","status":"publish","type":"page","link":"https:\/\/singularway.com\/en\/gestao-de-condominios\/sobre-condominios\/","title":{"rendered":"Sobre Condom\u00ednios"},"content":{"rendered":"<div data-elementor-type=\"wp-page\" data-elementor-id=\"24125\" class=\"elementor elementor-24125\" data-elementor-post-type=\"page\">\n\t\t\t\t<div class=\"elementor-element elementor-element-1924cb3 e-flex e-con-boxed e-con e-parent\" data-id=\"1924cb3\" data-element_type=\"container\" data-e-type=\"container\" data-settings=\"{&quot;background_background&quot;:&quot;classic&quot;}\">\n\t\t\t\t\t<div class=\"e-con-inner\">\n\t\t\t\t\t<\/div>\n\t\t\t\t<\/div>\n\t\t<div class=\"elementor-element elementor-element-6c71fd5 e-flex e-con-boxed e-con e-parent\" data-id=\"6c71fd5\" data-element_type=\"container\" data-e-type=\"container\" data-settings=\"{&quot;background_background&quot;:&quot;classic&quot;}\">\n\t\t\t\t\t<div class=\"e-con-inner\">\n\t\t<div class=\"elementor-element elementor-element-b01049d e-con-full e-flex e-con e-child\" data-id=\"b01049d\" data-element_type=\"container\" data-e-type=\"container\" data-settings=\"{&quot;background_background&quot;:&quot;classic&quot;}\">\n\t\t<div class=\"elementor-element elementor-element-e0a1ab8 e-con-full e-flex e-con e-child\" data-id=\"e0a1ab8\" data-element_type=\"container\" data-e-type=\"container\" data-settings=\"{&quot;background_background&quot;:&quot;classic&quot;}\">\n\t\t\t\t<div class=\"elementor-element elementor-element-535ec24 elementor-widget__width-initial elementor-widget elementor-widget-heading\" data-id=\"535ec24\" data-element_type=\"widget\" data-e-type=\"widget\" data-widget_type=\"heading.default\">\n\t\t\t\t\t<h2 class=\"elementor-heading-title elementor-size-default\">sobre n\u00f3s<\/h2>\t\t\t\t<\/div>\n\t\t\t\t<\/div>\n\t\t\t\t<\/div>\n\t\t\t\t\t<\/div>\n\t\t\t\t<\/div>\n\t\t<div class=\"elementor-element elementor-element-23053c8 e-flex e-con-boxed e-con e-parent\" data-id=\"23053c8\" data-element_type=\"container\" data-e-type=\"container\">\n\t\t\t\t\t<div class=\"e-con-inner\">\n\t\t\t\t<div class=\"elementor-element elementor-element-8809a4a elementor-widget elementor-widget-text-editor\" data-id=\"8809a4a\" data-element_type=\"widget\" data-e-type=\"widget\" data-widget_type=\"text-editor.default\">\n\t\t\t\t\t\t\t\t\t<p>Somos especialistas na gest\u00e3o e administra\u00e7\u00e3o de condom\u00ednios, oferecendo solu\u00e7\u00f5es eficientes, transparentes e adaptadas \u00e0s necessidades de cada edif\u00edcio. Atuamos nas \u00e1reas financeira, administrativa, jur\u00eddica e operacional, garantindo organiza\u00e7\u00e3o, conformidade legal e valoriza\u00e7\u00e3o do patrim\u00f3nio.<\/p><p>Trabalhamos com proximidade, rigor e profissionalismo para proporcionar tranquilidade a cond\u00f3minos e administradores.<\/p>\t\t\t\t\t\t\t\t<\/div>\n\t\t\t\t\t<\/div>\n\t\t\t\t<\/div>\n\t\t\t\t<\/div>","protected":false},"excerpt":{"rendered":"<p>sobre n\u00f3s Somos especialistas na gest\u00e3o e administra\u00e7\u00e3o de condom\u00ednios, oferecendo solu\u00e7\u00f5es eficientes, transparentes e adaptadas \u00e0s necessidades de cada edif\u00edcio. Atuamos nas \u00e1reas financeira, administrativa, jur\u00eddica e operacional, garantindo organiza\u00e7\u00e3o, conformidade legal e valoriza\u00e7\u00e3o do patrim\u00f3nio. Trabalhamos com proximidade, rigor e profissionalismo para proporcionar tranquilidade a cond\u00f3minos e administradores.<\/p>","protected":false},"author":1,"featured_media":0,"parent":24021,"menu_order":0,"comment_status":"closed","ping_status":"closed","template":"","meta":{"footnotes":""},"class_list":["post-24125","page","type-page","status-publish","hentry"],"_links":{"self":[{"href":"https:\/\/singularway.com\/en\/wp-json\/wp\/v2\/pages\/24125","targetHints":{"allow":["GET"]}}],"collection":[{"href":"https:\/\/singularway.com\/en\/wp-json\/wp\/v2\/pages"}],"about":[{"href":"https:\/\/singularway.com\/en\/wp-json\/wp\/v2\/types\/page"}],"author":[{"embeddable":true,"href":"https:\/\/singularway.com\/en\/wp-json\/wp\/v2\/users\/1"}],"replies":[{"embeddable":true,"href":"https:\/\/singularway.com\/en\/wp-json\/wp\/v2\/comments?post=24125"}],"version-history":[{"count":27,"href":"https:\/\/singularway.com\/en\/wp-json\/wp\/v2\/pages\/24125\/revisions"}],"predecessor-version":[{"id":24692,"href":"https:\/\/singularway.com\/en\/wp-json\/wp\/v2\/pages\/24125\/revisions\/24692"}],"up":[{"embeddable":true,"href":"https:\/\/singularway.com\/en\/wp-json\/wp\/v2\/pages\/24021"}],"wp:attachment":[{"href":"https:\/\/singularway.com\/en\/wp-json\/wp\/v2\/media?parent=24125"}],"curies":[{"name":"wp","href":"https:\/\/api.w.org\/{rel}","templated":true}]}}