{"id":24123,"date":"2026-02-20T23:55:50","date_gmt":"2026-02-20T23:55:50","guid":{"rendered":"https:\/\/singularway.com\/?page_id=24123"},"modified":"2026-02-26T23:54:13","modified_gmt":"2026-02-26T23:54:13","slug":"servicos-condominios","status":"publish","type":"page","link":"https:\/\/singularway.com\/en\/gestao-de-condominios\/servicos-condominios\/","title":{"rendered":"Servi\u00e7os Condom\u00ednios"},"content":{"rendered":"<div data-elementor-type=\"wp-page\" data-elementor-id=\"24123\" class=\"elementor elementor-24123\" data-elementor-post-type=\"page\">\n\t\t\t\t<div class=\"elementor-element elementor-element-8bfaa3b e-flex e-con-boxed e-con e-parent\" data-id=\"8bfaa3b\" data-element_type=\"container\" data-e-type=\"container\" data-settings=\"{&quot;background_background&quot;:&quot;classic&quot;}\">\n\t\t\t\t\t<div class=\"e-con-inner\">\n\t\t\t\t\t<\/div>\n\t\t\t\t<\/div>\n\t\t<div class=\"elementor-element elementor-element-4c69f3e e-flex e-con-boxed e-con e-parent\" data-id=\"4c69f3e\" data-element_type=\"container\" data-e-type=\"container\" data-settings=\"{&quot;background_background&quot;:&quot;classic&quot;}\">\n\t\t\t\t\t<div class=\"e-con-inner\">\n\t\t<div class=\"elementor-element elementor-element-fe9a93d e-con-full e-flex e-con e-child\" data-id=\"fe9a93d\" data-element_type=\"container\" data-e-type=\"container\" data-settings=\"{&quot;background_background&quot;:&quot;classic&quot;}\">\n\t\t\t\t<div class=\"elementor-element elementor-element-609b499 elementor-widget__width-initial elementor-widget elementor-widget-heading\" data-id=\"609b499\" data-element_type=\"widget\" data-e-type=\"widget\" data-widget_type=\"heading.default\">\n\t\t\t\t\t<h2 class=\"elementor-heading-title elementor-size-default\">os nossos servi\u00e7os<\/h2>\t\t\t\t<\/div>\n\t\t\t\t<\/div>\n\t\t\t\t\t<\/div>\n\t\t\t\t<\/div>\n\t\t<div class=\"elementor-element elementor-element-82b7b21 e-con-full e-flex e-con e-parent\" data-id=\"82b7b21\" data-element_type=\"container\" data-e-type=\"container\" data-settings=\"{&quot;background_background&quot;:&quot;classic&quot;}\">\n\t\t\t\t<div class=\"elementor-element elementor-element-6999350 e-n-tabs-mobile elementor-widget elementor-widget-n-tabs\" data-id=\"6999350\" data-element_type=\"widget\" data-e-type=\"widget\" data-settings=\"{&quot;tabs_justify_horizontal&quot;:&quot;center&quot;,&quot;horizontal_scroll&quot;:&quot;disable&quot;}\" data-widget_type=\"nested-tabs.default\">\n\t\t\t\t\t\t\t<div class=\"e-n-tabs\" data-widget-number=\"110728016\" aria-label=\"Tabs. Open items with Enter or Space, close with Escape and navigate using the Arrow keys.\">\n\t\t\t<div class=\"e-n-tabs-heading\" role=\"tablist\">\n\t\t\t\t\t<button id=\"e-n-tab-title-1107280161\" data-tab-title-id=\"e-n-tab-title-1107280161\" class=\"e-n-tab-title\" aria-selected=\"true\" data-tab-index=\"1\" role=\"tab\" tabindex=\"0\" aria-controls=\"e-n-tab-content-1107280161\" style=\"--n-tabs-title-order: 1;\">\n\t\t\t\t\t\t<span class=\"e-n-tab-title-text\">\n\t\t\t\tAdministra\u00e7\u00e3o de Condom\u00ednios\t\t\t<\/span>\n\t\t<\/button>\n\t\t\t\t<button id=\"e-n-tab-title-1107280162\" data-tab-title-id=\"e-n-tab-title-1107280162\" class=\"e-n-tab-title\" aria-selected=\"false\" data-tab-index=\"2\" role=\"tab\" tabindex=\"-1\" aria-controls=\"e-n-tab-content-1107280162\" style=\"--n-tabs-title-order: 2;\">\n\t\t\t\t\t\t<span class=\"e-n-tab-title-text\">\n\t\t\t\tFinancial management\t\t\t<\/span>\n\t\t<\/button>\n\t\t\t\t<button id=\"e-n-tab-title-1107280163\" data-tab-title-id=\"e-n-tab-title-1107280163\" class=\"e-n-tab-title\" aria-selected=\"false\" data-tab-index=\"3\" role=\"tab\" tabindex=\"-1\" aria-controls=\"e-n-tab-content-1107280163\" style=\"--n-tabs-title-order: 3;\">\n\t\t\t\t\t\t<span class=\"e-n-tab-title-text\">\n\t\t\t\tConsultoria Jur\u00eddica\t\t\t<\/span>\n\t\t<\/button>\n\t\t\t\t<button id=\"e-n-tab-title-1107280164\" data-tab-title-id=\"e-n-tab-title-1107280164\" class=\"e-n-tab-title\" aria-selected=\"false\" data-tab-index=\"4\" role=\"tab\" tabindex=\"-1\" aria-controls=\"e-n-tab-content-1107280164\" style=\"--n-tabs-title-order: 4;\">\n\t\t\t\t\t\t<span class=\"e-n-tab-title-text\">\n\t\t\t\tContabilidade e Transpar\u00eancia\t\t\t<\/span>\n\t\t<\/button>\n\t\t\t\t<button id=\"e-n-tab-title-1107280165\" data-tab-title-id=\"e-n-tab-title-1107280165\" class=\"e-n-tab-title\" aria-selected=\"false\" data-tab-index=\"5\" role=\"tab\" tabindex=\"-1\" aria-controls=\"e-n-tab-content-1107280165\" style=\"--n-tabs-title-order: 5;\">\n\t\t\t\t\t\t<span class=\"e-n-tab-title-text\">\n\t\t\t\tServi\u00e7os Personalizados\t\t\t<\/span>\n\t\t<\/button>\n\t\t\t\t\t<\/div>\n\t\t\t<div class=\"e-n-tabs-content\">\n\t\t\t\t<div id=\"e-n-tab-content-1107280161\" role=\"tabpanel\" aria-labelledby=\"e-n-tab-title-1107280161\" data-tab-index=\"1\" style=\"--n-tabs-title-order: 1;\" class=\"e-active elementor-element elementor-element-577188d e-con-full e-flex e-con e-child\" data-id=\"577188d\" data-element_type=\"container\" data-e-type=\"container\" data-settings=\"{&quot;background_background&quot;:&quot;classic&quot;}\">\n\t\t\t\t<div class=\"elementor-element elementor-element-ca02ab2 elementor-widget__width-initial elementor-widget elementor-widget-text-editor\" data-id=\"ca02ab2\" data-element_type=\"widget\" data-e-type=\"widget\" data-widget_type=\"text-editor.default\">\n\t\t\t\t\t\t\t\t\t<p style=\"text-align: center;\" data-start=\"331\" data-end=\"381\">Convocar e organizar assembleias de cond\u00f3minos<\/p><p style=\"text-align: center;\" data-start=\"384\" data-end=\"409\">Redigir e enviar atas<\/p><p style=\"text-align: center;\" data-start=\"412\" data-end=\"460\">Executar as delibera\u00e7\u00f5es aprovadas em assembleia<\/p><p style=\"text-align: center;\" data-start=\"463\" data-end=\"520\">Gerir e atualizar o regulamento interno do condom\u00ednio<\/p><p style=\"text-align: center;\" data-start=\"523\" data-end=\"563\">Arquivar documenta\u00e7\u00e3o legal e contratual<\/p><p style=\"text-align: center;\" data-start=\"566\" data-end=\"629\">Representar o condom\u00ednio junto de entidades p\u00fablicas e privadas<\/p>\t\t\t\t\t\t\t\t<\/div>\n\t\t\t\t<\/div>\n\t\t<div id=\"e-n-tab-content-1107280162\" role=\"tabpanel\" aria-labelledby=\"e-n-tab-title-1107280162\" data-tab-index=\"2\" style=\"--n-tabs-title-order: 2;\" class=\"elementor-element elementor-element-c8e5803 e-con-full e-flex e-con e-child\" data-id=\"c8e5803\" data-element_type=\"container\" data-e-type=\"container\">\n\t\t\t\t<div class=\"elementor-element elementor-element-17793d8 elementor-widget__width-initial elementor-widget elementor-widget-text-editor\" data-id=\"17793d8\" data-element_type=\"widget\" data-e-type=\"widget\" data-widget_type=\"text-editor.default\">\n\t\t\t\t\t\t\t\t\t<p style=\"text-align: center;\" data-start=\"666\" data-end=\"696\">Elaborar o or\u00e7amento anual<\/p><p style=\"text-align: center;\" data-start=\"699\" data-end=\"732\">Definir e calcular quotas mensais<\/p><p style=\"text-align: center;\" data-start=\"735\" data-end=\"761\">Emitir avisos de pagamento<\/p><p style=\"text-align: center;\" data-start=\"764\" data-end=\"799\">Controlar cobran\u00e7as e gerir d\u00edvidas<\/p><p style=\"text-align: center;\" data-start=\"802\" data-end=\"857\">Pagar fornecedores (limpeza, manuten\u00e7\u00e3o, seguros, etc.)<\/p><p style=\"text-align: center;\" data-start=\"860\" data-end=\"904\">Apresentar relat\u00f3rios financeiros peri\u00f3dicos<\/p><p style=\"text-align: center;\" data-start=\"907\" data-end=\"959\">Gerir o fundo comum de reserva\u00a0<\/p>\t\t\t\t\t\t\t\t<\/div>\n\t\t\t\t<\/div>\n\t\t<div id=\"e-n-tab-content-1107280163\" role=\"tabpanel\" aria-labelledby=\"e-n-tab-title-1107280163\" data-tab-index=\"3\" style=\"--n-tabs-title-order: 3;\" class=\"elementor-element elementor-element-76ace3f e-con-full e-flex e-con e-child\" data-id=\"76ace3f\" data-element_type=\"container\" data-e-type=\"container\">\n\t\t\t\t<div class=\"elementor-element elementor-element-025fd57 elementor-widget__width-initial elementor-widget elementor-widget-text-editor\" data-id=\"025fd57\" data-element_type=\"widget\" data-e-type=\"widget\" data-widget_type=\"text-editor.default\">\n\t\t\t\t\t\t\t\t\t<p style=\"text-align: center;\">Regulamento do Condom\u00ednio<\/p><p style=\"text-align: center;\">Cobran\u00e7a de d\u00edvidas<\/p><p style=\"text-align: center;\">Regula\u00e7\u00e3o de Conflitos.<\/p>\t\t\t\t\t\t\t\t<\/div>\n\t\t\t\t<\/div>\n\t\t<div id=\"e-n-tab-content-1107280164\" role=\"tabpanel\" aria-labelledby=\"e-n-tab-title-1107280164\" data-tab-index=\"4\" style=\"--n-tabs-title-order: 4;\" class=\"elementor-element elementor-element-527e5ad e-flex e-con-boxed e-con e-child\" data-id=\"527e5ad\" data-element_type=\"container\" data-e-type=\"container\">\n\t\t\t\t\t<div class=\"e-con-inner\">\n\t\t\t\t<div class=\"elementor-element elementor-element-aae5c99 elementor-widget__width-initial elementor-widget elementor-widget-text-editor\" data-id=\"aae5c99\" data-element_type=\"widget\" data-e-type=\"widget\" data-widget_type=\"text-editor.default\">\n\t\t\t\t\t\t\t\t\t<p style=\"text-align: center;\" data-start=\"354\" data-end=\"441\">Registo de receitas (quotas, fundo de reserva, pagamentos extraordin\u00e1rios)<\/p><p style=\"text-align: center;\">Registo de despesas (limpeza, manuten\u00e7\u00e3o, seguros, eletricidade, \u00e1gua, obras)<\/p><p style=\"text-align: center;\">Arquivo organizado de faturas e recibos<\/p>\t\t\t\t\t\t\t\t<\/div>\n\t\t\t\t\t<\/div>\n\t\t\t\t<\/div>\n\t\t<div id=\"e-n-tab-content-1107280165\" role=\"tabpanel\" aria-labelledby=\"e-n-tab-title-1107280165\" data-tab-index=\"5\" style=\"--n-tabs-title-order: 5;\" class=\"elementor-element elementor-element-fef3974 e-flex e-con-boxed e-con e-child\" data-id=\"fef3974\" data-element_type=\"container\" data-e-type=\"container\">\n\t\t\t\t\t<div class=\"e-con-inner\">\n\t\t\t\t<div class=\"elementor-element elementor-element-195e7c1 elementor-widget__width-initial elementor-widget elementor-widget-text-editor\" data-id=\"195e7c1\" data-element_type=\"widget\" data-e-type=\"widget\" data-widget_type=\"text-editor.default\">\n\t\t\t\t\t\t\t\t\t<p style=\"text-align: center;\">Manuten\u00e7\u00e3o em geral<\/p><p style=\"text-align: center;\">Limpeza<\/p><p style=\"text-align: center;\">Jardinagem<\/p><p style=\"text-align: center;\">Interven\u00e7\u00f5es r\u00e1pidas de pinturas<\/p><p style=\"text-align: center;\">Ilumina\u00e7\u00e3o<\/p><p style=\"text-align: center;\">Chaveiro<\/p>\t\t\t\t\t\t\t\t<\/div>\n\t\t\t\t\t<\/div>\n\t\t\t\t<\/div>\n\t\t\t\t\t<\/div>\n\t\t<\/div>\n\t\t\t\t\t\t<\/div>\n\t\t\t\t<\/div>\n\t\t\t\t<\/div>","protected":false},"excerpt":{"rendered":"<p>os nossos servi\u00e7os Administra\u00e7\u00e3o de Condom\u00ednios Gest\u00e3o Financeira Consultoria Jur\u00eddica Contabilidade e Transpar\u00eancia Servi\u00e7os Personalizados Convocar e organizar assembleias de cond\u00f3minos Redigir e enviar atas Executar as delibera\u00e7\u00f5es aprovadas em assembleia Gerir e atualizar o regulamento interno do condom\u00ednio Arquivar documenta\u00e7\u00e3o legal e contratual Representar o condom\u00ednio junto de entidades p\u00fablicas e privadas Elaborar o [&hellip;]<\/p>\n","protected":false},"author":1,"featured_media":0,"parent":24021,"menu_order":0,"comment_status":"closed","ping_status":"closed","template":"","meta":{"footnotes":""},"class_list":["post-24123","page","type-page","status-publish","hentry"],"_links":{"self":[{"href":"https:\/\/singularway.com\/en\/wp-json\/wp\/v2\/pages\/24123","targetHints":{"allow":["GET"]}}],"collection":[{"href":"https:\/\/singularway.com\/en\/wp-json\/wp\/v2\/pages"}],"about":[{"href":"https:\/\/singularway.com\/en\/wp-json\/wp\/v2\/types\/page"}],"author":[{"embeddable":true,"href":"https:\/\/singularway.com\/en\/wp-json\/wp\/v2\/users\/1"}],"replies":[{"embeddable":true,"href":"https:\/\/singularway.com\/en\/wp-json\/wp\/v2\/comments?post=24123"}],"version-history":[{"count":66,"href":"https:\/\/singularway.com\/en\/wp-json\/wp\/v2\/pages\/24123\/revisions"}],"predecessor-version":[{"id":24668,"href":"https:\/\/singularway.com\/en\/wp-json\/wp\/v2\/pages\/24123\/revisions\/24668"}],"up":[{"embeddable":true,"href":"https:\/\/singularway.com\/en\/wp-json\/wp\/v2\/pages\/24021"}],"wp:attachment":[{"href":"https:\/\/singularway.com\/en\/wp-json\/wp\/v2\/media?parent=24123"}],"curies":[{"name":"wp","href":"https:\/\/api.w.org\/{rel}","templated":true}]}}