{"id":24021,"date":"2026-02-20T19:54:27","date_gmt":"2026-02-20T19:54:27","guid":{"rendered":"https:\/\/singularway.com\/?page_id=24021"},"modified":"2026-03-14T00:36:05","modified_gmt":"2026-03-14T00:36:05","slug":"gestao-de-condominios","status":"publish","type":"page","link":"https:\/\/singularway.com\/en\/gestao-de-condominios\/","title":{"rendered":"Gest\u00e3o de Condom\u00ednios"},"content":{"rendered":"\t\t<div data-elementor-type=\"wp-page\" data-elementor-id=\"24021\" class=\"elementor elementor-24021\" data-elementor-post-type=\"page\">\n\t\t\t\t<div class=\"elementor-element elementor-element-ca07980 e-flex e-con-boxed e-con e-parent\" data-id=\"ca07980\" data-element_type=\"container\" data-e-type=\"container\">\n\t\t\t\t\t<div class=\"e-con-inner\">\n\t\t\t\t<div class=\"elementor-element elementor-element-7f8b26a elementor-widget elementor-widget-shortcode\" data-id=\"7f8b26a\" data-element_type=\"widget\" data-e-type=\"widget\" data-widget_type=\"shortcode.default\">\n\t\t\t\t\t\t\t<div class=\"elementor-shortcode\"><\/div>\n\t\t\t\t\t\t<\/div>\n\t\t\t\t\t<\/div>\n\t\t\t\t<\/div>\n\t\t<div class=\"elementor-element elementor-element-ea2389c e-flex e-con-boxed e-con e-parent\" data-id=\"ea2389c\" data-element_type=\"container\" data-e-type=\"container\">\n\t\t\t\t\t<div class=\"e-con-inner\">\n\t\t\t\t<div class=\"elementor-element elementor-element-9e363b5 elementor-widget elementor-widget-text-editor\" data-id=\"9e363b5\" data-element_type=\"widget\" data-e-type=\"widget\" data-widget_type=\"text-editor.default\">\n\t\t\t\t\t\t\t\t\t<p style=\"text-align: left;\">Somos especialistas na gest\u00e3o e administra\u00e7\u00e3o de condom\u00ednios, oferecendo solu\u00e7\u00f5es eficientes, transparentes e adaptadas \u00e0s necessidades de cada edif\u00edcio.<\/p><p style=\"text-align: left;\">Atuamos nas \u00e1reas financeira, administrativa, jur\u00eddica e operacional, garantindo organiza\u00e7\u00e3o, conformidade legal e valoriza\u00e7\u00e3o do patrim\u00f3nio.<\/p><p style=\"text-align: left;\">Trabalhamos com proximidade, rigor e profissionalismo para proporcionar tranquilidade a cond\u00f3minos e administradores.<\/p>\t\t\t\t\t\t\t\t<\/div>\n\t\t\t\t\t<\/div>\n\t\t\t\t<\/div>\n\t\t<div class=\"elementor-element elementor-element-7f2b09e e-flex e-con-boxed e-con e-parent\" data-id=\"7f2b09e\" data-element_type=\"container\" data-e-type=\"container\" data-settings=\"{&quot;background_background&quot;:&quot;classic&quot;}\">\n\t\t\t\t\t<div class=\"e-con-inner\">\n\t\t\t\t<div class=\"elementor-element elementor-element-55b6372 elementor-headline--style-rotate elementor-widget elementor-widget-animated-headline\" data-id=\"55b6372\" data-element_type=\"widget\" data-e-type=\"widget\" data-settings=\"{&quot;headline_style&quot;:&quot;rotate&quot;,&quot;animation_type&quot;:&quot;clip&quot;,&quot;rotating_text&quot;:&quot;ADMINISTRA\\u00c7\\u00c3O DE CONDOM\\u00cdNIOS\\nGEST\\u00c3O FINANCEIRA\\nCONSULTORIA JUR\\u00cdDICA\\nCONTABILIDADE E TRANSPAR\\u00caNCIA\\nSERVI\\u00c7OS PERSONALIZADOS&quot;,&quot;rotate_iteration_delay&quot;:3000,&quot;loop&quot;:&quot;yes&quot;}\" data-widget_type=\"animated-headline.default\">\n\t\t\t\t\t\t\t\t<a href=\"https:\/\/singularway.com\/servicos-condominios\/\">\n\n\t\t\t\t\t<h3 class=\"elementor-headline elementor-headline-animation-type-clip\">\n\t\t\t\t<span class=\"elementor-headline-dynamic-wrapper elementor-headline-text-wrapper\">\n\t\t\t\t\t<span class=\"elementor-headline-dynamic-text elementor-headline-text-active\">\n\t\t\t\tADMINISTRA\u00c7\u00c3O&nbsp;DE&nbsp;CONDOM\u00cdNIOS\t\t\t<\/span>\n\t\t\t\t\t<span class=\"elementor-headline-dynamic-text\">\n\t\t\t\tGEST\u00c3O&nbsp;FINANCEIRA\t\t\t<\/span>\n\t\t\t\t\t<span class=\"elementor-headline-dynamic-text\">\n\t\t\t\tCONSULTORIA&nbsp;JUR\u00cdDICA\t\t\t<\/span>\n\t\t\t\t\t<span class=\"elementor-headline-dynamic-text\">\n\t\t\t\tCONTABILIDADE&nbsp;E&nbsp;TRANSPAR\u00caNCIA\t\t\t<\/span>\n\t\t\t\t\t<span class=\"elementor-headline-dynamic-text\">\n\t\t\t\tSERVI\u00c7OS&nbsp;PERSONALIZADOS\t\t\t<\/span>\n\t\t\t\t\t\t<\/span>\n\t\t\t\t<\/h3>\n\t\t<\/a>\t\t\t\t<\/div>\n\t\t\t\t\t<\/div>\n\t\t\t\t<\/div>\n\t\t<div class=\"elementor-element elementor-element-cd5e158 e-flex e-con-boxed e-con e-parent\" data-id=\"cd5e158\" data-element_type=\"container\" data-e-type=\"container\" id=\"descr_gestao\">\n\t\t\t\t\t<div class=\"e-con-inner\">\n\t\t\t\t\t<\/div>\n\t\t\t\t<\/div>\n\t\t<div class=\"elementor-element elementor-element-82a9089 e-con-full e-flex e-con e-parent\" data-id=\"82a9089\" data-element_type=\"container\" data-e-type=\"container\">\n\t\t<div class=\"elementor-element elementor-element-a4cc5e7 e-con-full e-flex e-con e-child\" data-id=\"a4cc5e7\" data-element_type=\"container\" data-e-type=\"container\" data-settings=\"{&quot;background_background&quot;:&quot;classic&quot;}\">\n\t\t<div class=\"elementor-element elementor-element-9214559 e-con-full e-flex e-con e-child\" data-id=\"9214559\" data-element_type=\"container\" data-e-type=\"container\" data-settings=\"{&quot;background_background&quot;:&quot;classic&quot;}\">\n\t\t\t\t<div class=\"elementor-element elementor-element-b4c939b elementor-widget__width-initial elementor-widget elementor-widget-heading\" data-id=\"b4c939b\" data-element_type=\"widget\" data-e-type=\"widget\" data-widget_type=\"heading.default\">\n\t\t\t\t\t<h2 class=\"elementor-heading-title elementor-size-default\">Gest\u00e3o com dedica\u00e7\u00e3o, responsabilidade e <br>foco na qualidade<\/h2>\t\t\t\t<\/div>\n\t\t\t\t<div class=\"elementor-element elementor-element-ccafc17 elementor-widget elementor-widget-text-editor\" data-id=\"ccafc17\" data-element_type=\"widget\" data-e-type=\"widget\" data-widget_type=\"text-editor.default\">\n\t\t\t\t\t\t\t\t\t<p>Tratamos de tudo por si \u2014 da gest\u00e3o financeira rigorosa ao apoio jur\u00eddico e manuten\u00e7\u00e3o t\u00e9cnica.<\/p><p>Enquanto garantimos a efici\u00eancia e a valoriza\u00e7\u00e3o do seu patrim\u00f3nio, voc\u00ea aproveita o que realmente importa: a tranquilidade de estar em casa.<\/p>\t\t\t\t\t\t\t\t<\/div>\n\t\t<div class=\"elementor-element elementor-element-49548b6 e-con-full e-flex e-con e-child\" data-id=\"49548b6\" data-element_type=\"container\" data-e-type=\"container\" data-settings=\"{&quot;background_background&quot;:&quot;classic&quot;}\">\n\t\t\t\t<div class=\"elementor-element elementor-element-68639dc elementor-widget__width-initial elementor-widget elementor-widget-image\" data-id=\"68639dc\" data-element_type=\"widget\" data-e-type=\"widget\" data-widget_type=\"image.default\">\n\t\t\t\t\t\t\t\t\t\t\t\t\t\t\t\t<a href=\"https:\/\/wa.me\/351928393049?text=Gostaria%20de%20informa\u00e7\u00f5es%20sobre%20os%20servi\u00e7os%20de%20gest\u00e3o%20de%20condom\u00ednios\" target=\"_blank\" rel=\"noopener\">\n\t\t\t\t\t\t\t<img fetchpriority=\"high\" decoding=\"async\" width=\"300\" height=\"300\" src=\"https:\/\/singularway.com\/wp-content\/uploads\/2026\/02\/whatsapp-removebg-preview-300x300.png\" class=\"attachment-medium size-medium wp-image-23812\" alt=\"\" srcset=\"https:\/\/singularway.com\/wp-content\/uploads\/2026\/02\/whatsapp-removebg-preview-300x300.png 300w, https:\/\/singularway.com\/wp-content\/uploads\/2026\/02\/whatsapp-removebg-preview-150x150.png 150w, https:\/\/singularway.com\/wp-content\/uploads\/2026\/02\/whatsapp-removebg-preview-12x12.png 12w, https:\/\/singularway.com\/wp-content\/uploads\/2026\/02\/whatsapp-removebg-preview.png 500w\" sizes=\"(max-width: 300px) 100vw, 300px\" \/>\t\t\t\t\t\t\t\t<\/a>\n\t\t\t\t\t\t\t\t\t\t\t\t\t\t\t<\/div>\n\t\t\t\t<div class=\"elementor-element elementor-element-0470d63 elementor-widget elementor-widget-heading\" data-id=\"0470d63\" data-element_type=\"widget\" data-e-type=\"widget\" data-widget_type=\"heading.default\">\n\t\t\t\t\t<h3 class=\"elementor-heading-title elementor-size-default\"><a href=\"https:\/\/wa.me\/351928393049?text=Gostaria%20de%20informa\u00e7\u00f5es%20sobre%20os%20servi\u00e7os%20de%20gest\u00e3o%20de%20condom\u00ednios\" target=\"_blank\" rel=\"noopener\"> Contacte-nos<\/a><\/h3>\t\t\t\t<\/div>\n\t\t\t\t<\/div>\n\t\t\t\t<\/div>\n\t\t<div class=\"elementor-element elementor-element-e539576 e-con-full e-flex e-con e-child\" data-id=\"e539576\" data-element_type=\"container\" data-e-type=\"container\" data-settings=\"{&quot;background_background&quot;:&quot;classic&quot;}\">\n\t\t\t\t<\/div>\n\t\t\t\t<\/div>\n\t\t\t\t<\/div>\n\t\t<div class=\"elementor-element elementor-element-c6c8b61 e-con-full e-flex e-con e-parent\" data-id=\"c6c8b61\" data-element_type=\"container\" data-e-type=\"container\" data-settings=\"{&quot;background_background&quot;:&quot;classic&quot;}\">\n\t\t<div class=\"elementor-element elementor-element-9c7b025 e-con-full e-flex e-con e-child\" data-id=\"9c7b025\" data-element_type=\"container\" data-e-type=\"container\">\n\t\t<div class=\"elementor-element elementor-element-e5c45f0 e-flex e-con-boxed e-con e-child\" data-id=\"e5c45f0\" data-element_type=\"container\" data-e-type=\"container\" data-settings=\"{&quot;background_background&quot;:&quot;classic&quot;}\">\n\t\t\t\t\t<div class=\"e-con-inner\">\n\t\t<div class=\"elementor-element elementor-element-c09d8c3 e-flex e-con-boxed e-con e-child\" data-id=\"c09d8c3\" data-element_type=\"container\" data-e-type=\"container\" data-settings=\"{&quot;background_background&quot;:&quot;classic&quot;}\">\n\t\t\t\t\t<div class=\"e-con-inner\">\n\t\t\t\t<div class=\"elementor-element elementor-element-b0f9de0 elementor-widget__width-initial elementor-widget-tablet__width-initial elementor-widget elementor-widget-text-editor\" data-id=\"b0f9de0\" data-element_type=\"widget\" data-e-type=\"widget\" data-widget_type=\"text-editor.default\">\n\t\t\t\t\t\t\t\t\t<div data-id=\"1e1b1a2\" data-element_type=\"widget\" data-e-type=\"widget\" data-widget_type=\"heading.default\"><h2 style=\"text-align: center;\">Precisa de mais Informa\u00e7\u00e3o?<\/h2><\/div><div data-id=\"799617a\" data-element_type=\"widget\" data-e-type=\"widget\" data-widget_type=\"heading.default\"><p style=\"text-align: center;\">Envie-nos as suas d\u00favidas atrav\u00e9s de email ou ligue para um dos nossos contactos.<\/p><p style=\"text-align: center;\">Temos o servi\u00e7o certo para si!<\/p><\/div>\t\t\t\t\t\t\t\t<\/div>\n\t\t\t\t<div class=\"elementor-element elementor-element-11cae74 elementor-widget-divider--view-line elementor-widget elementor-widget-divider\" data-id=\"11cae74\" data-element_type=\"widget\" data-e-type=\"widget\" data-widget_type=\"divider.default\">\n\t\t\t\t\t\t\t<div class=\"elementor-divider\">\n\t\t\t<span class=\"elementor-divider-separator\">\n\t\t\t\t\t\t<\/span>\n\t\t<\/div>\n\t\t\t\t\t\t<\/div>\n\t\t\t\t<div class=\"elementor-element elementor-element-bd763e3 elementor-widget__width-initial elementor-widget-tablet__width-initial elementor-widget elementor-widget-text-editor\" data-id=\"bd763e3\" data-element_type=\"widget\" data-e-type=\"widget\" data-widget_type=\"text-editor.default\">\n\t\t\t\t\t\t\t\t\t<p style=\"text-align: center;\">Nossos Contactos<\/p><p style=\"text-align: center;\">condominio@singularway.com<\/p><p style=\"text-align: center;\">Telefone 1 : (+351) 928 388 409<\/p><p style=\"text-align: center;\">Telefone 2 : (+351) 928 393 049<\/p>\t\t\t\t\t\t\t\t<\/div>\n\t\t\t\t\t<\/div>\n\t\t\t\t<\/div>\n\t\t<div class=\"elementor-element elementor-element-980c05a e-flex e-con-boxed e-con e-child\" data-id=\"980c05a\" data-element_type=\"container\" data-e-type=\"container\" data-settings=\"{&quot;background_background&quot;:&quot;classic&quot;}\">\n\t\t\t\t\t<div class=\"e-con-inner\">\n\t\t\t\t<div class=\"elementor-element elementor-element-228e825 elementor-widget elementor-widget-wpforms\" data-id=\"228e825\" data-element_type=\"widget\" data-e-type=\"widget\" data-widget_type=\"wpforms.default\">\n\t\t\t\t<div class=\"elementor-widget-container\">\n\t\t\t\t\t<style id=\"wpforms-css-vars-elementor-widget-228e825\">\n\t\t\t\t.elementor-widget-wpforms.elementor-element-228e825 {\n\t\t\t\t--wpforms-field-border-style: dotted;\n--wpforms-button-background-color: #B71D20;\n--wpforms-field-size-input-height: 31px;\n--wpforms-field-size-input-spacing: 10px;\n--wpforms-field-size-font-size: 14px;\n--wpforms-field-size-line-height: 17px;\n--wpforms-field-size-padding-h: 9px;\n--wpforms-field-size-checkbox-size: 14px;\n--wpforms-field-size-sublabel-spacing: 5px;\n--wpforms-field-size-icon-size: 0.75;\n--wpforms-button-size-font-size: 20px;\n--wpforms-button-size-height: 48px;\n--wpforms-button-size-padding-h: 20px;\n--wpforms-button-size-margin-top: 15px;\n\t\t\t}\n\t\t\t<\/style><div class=\"wpforms-container wpforms-container-full wpforms-render-modern\" id=\"wpforms-23816\"><form id=\"wpforms-form-23816\" class=\"wpforms-validate wpforms-form wpforms-ajax-form\" data-formid=\"23816\" method=\"post\" enctype=\"multipart\/form-data\" action=\"\/en\/wp-json\/wp\/v2\/pages\/24021\" data-token=\"ec2c8c7e0685c20d7cd2ee33c730ebbf\" data-token-time=\"1777639578\"><noscript class=\"wpforms-error-noscript\">Please enable JavaScript in your browser to complete this form.<\/noscript><div id=\"wpforms-error-noscript\" style=\"display: none;\">Please enable JavaScript in your browser to complete this form.<\/div><div class=\"wpforms-field-container\"><div id=\"wpforms-23816-field_1-container\" class=\"wpforms-field wpforms-field-name\" data-field-id=\"1\"><label class=\"wpforms-field-label\" for=\"wpforms-23816-field_1\">Nome <span class=\"wpforms-required-label\" aria-hidden=\"true\">*<\/span><\/label><input type=\"text\" id=\"wpforms-23816-field_1\" class=\"wpforms-field-medium wpforms-field-required\" name=\"wpforms[fields][1]\" aria-errormessage=\"wpforms-23816-field_1-error\" required><\/div><div id=\"wpforms-23816-field_12-container\" class=\"wpforms-field wpforms-field-layout\" data-field-id=\"12\"><div class=\"wpforms-field-layout-rows wpforms-field-large\"><div class=\"wpforms-layout-row\"><div class=\"wpforms-layout-column wpforms-layout-column-25\"><div id=\"wpforms-23816-field_5-container\" class=\"wpforms-field wpforms-field-phone\" data-field-id=\"5\"><label class=\"wpforms-field-label\" for=\"wpforms-23816-field_5\">Telefone<\/label><input type=\"tel\" id=\"wpforms-23816-field_5\" class=\"wpforms-field-small\" data-rule-int-phone-field=\"true\" name=\"wpforms[fields][5]\" aria-label=\"Telefone\" aria-errormessage=\"wpforms-23816-field_5-error\" ><\/div><\/div><div class=\"wpforms-layout-column wpforms-layout-column-25\"><div id=\"wpforms-23816-field_2-container\" class=\"wpforms-field wpforms-field-email\" data-field-id=\"2\"><label class=\"wpforms-field-label\" for=\"wpforms-23816-field_2\">Email <span class=\"wpforms-required-label\" aria-hidden=\"true\">*<\/span><\/label><input type=\"email\" id=\"wpforms-23816-field_2\" class=\"wpforms-field-small wpforms-field-required\" name=\"wpforms[fields][2]\" spellcheck=\"false\" aria-errormessage=\"wpforms-23816-field_2-error\" required><\/div><\/div><div class=\"wpforms-layout-column wpforms-layout-column-25\"><\/div><div class=\"wpforms-layout-column wpforms-layout-column-25\"><\/div><\/div><\/div><\/div><div id=\"wpforms-23816-field_6-container\" class=\"wpforms-field wpforms-field-layout\" data-field-id=\"6\"><div class=\"wpforms-field-layout-rows wpforms-field-large\"><div class=\"wpforms-layout-row\"><div class=\"wpforms-layout-column wpforms-layout-column-50\"><div id=\"wpforms-23816-field_7-container\" class=\"wpforms-field wpforms-field-text\" data-field-id=\"7\"><label class=\"wpforms-field-label\" for=\"wpforms-23816-field_7\">Morada Completa<\/label><input type=\"text\" id=\"wpforms-23816-field_7\" class=\"wpforms-field-medium\" name=\"wpforms[fields][7]\" aria-errormessage=\"wpforms-23816-field_7-error\" ><\/div><\/div><div class=\"wpforms-layout-column wpforms-layout-column-25\"><div id=\"wpforms-23816-field_8-container\" class=\"wpforms-field wpforms-field-text\" data-field-id=\"8\"><label class=\"wpforms-field-label\" for=\"wpforms-23816-field_8\">N\u00ba de Fra\u00e7\u00f5es<\/label><input type=\"text\" id=\"wpforms-23816-field_8\" class=\"wpforms-field-medium\" name=\"wpforms[fields][8]\" aria-errormessage=\"wpforms-23816-field_8-error\" ><\/div><\/div><div class=\"wpforms-layout-column wpforms-layout-column-25\"><\/div><\/div><\/div><\/div>\t\t<div id=\"wpforms-23816-field_4-container\"\n\t\t\tclass=\"wpforms-field wpforms-field-text\"\n\t\t\tdata-field-type=\"text\"\n\t\t\tdata-field-id=\"4\"\n\t\t\t>\n\t\t\t<label class=\"wpforms-field-label\" for=\"wpforms-23816-field_4\" >N\u00ba Completa de<\/label>\n\t\t\t<input type=\"text\" id=\"wpforms-23816-field_4\" class=\"wpforms-field-medium\" name=\"wpforms[fields][4]\" >\n\t\t<\/div>\n\t\t<div id=\"wpforms-23816-field_15-container\" class=\"wpforms-field wpforms-field-checkbox wpforms-list-2-columns\" data-field-id=\"15\"><fieldset><legend class=\"wpforms-field-label\">Servi\u00e7os Dispon\u00edveis<\/legend><ul id=\"wpforms-23816-field_15\"><li class=\"choice-1 depth-1\"><input type=\"checkbox\" id=\"wpforms-23816-field_15_1\" name=\"wpforms[fields][15][]\" value=\"Administra\u00e7\u00e3o de Condom\u00ednios\" aria-errormessage=\"wpforms-23816-field_15_1-error\"  ><label class=\"wpforms-field-label-inline\" for=\"wpforms-23816-field_15_1\">Administra\u00e7\u00e3o de Condom\u00ednios<\/label><\/li><li class=\"choice-2 depth-1\"><input type=\"checkbox\" id=\"wpforms-23816-field_15_2\" name=\"wpforms[fields][15][]\" value=\"Gest\u00e3o Financeira\" aria-errormessage=\"wpforms-23816-field_15_2-error\"  ><label class=\"wpforms-field-label-inline\" for=\"wpforms-23816-field_15_2\">Gest\u00e3o Financeira<\/label><\/li><li class=\"choice-3 depth-1\"><input type=\"checkbox\" id=\"wpforms-23816-field_15_3\" name=\"wpforms[fields][15][]\" value=\"Consultoria Jur\u00eddica\" aria-errormessage=\"wpforms-23816-field_15_3-error\"  ><label class=\"wpforms-field-label-inline\" for=\"wpforms-23816-field_15_3\">Consultoria Jur\u00eddica<\/label><\/li><li class=\"choice-4 depth-1\"><input type=\"checkbox\" id=\"wpforms-23816-field_15_4\" name=\"wpforms[fields][15][]\" value=\"Contabilidade e Transpar\u00eancia\" aria-errormessage=\"wpforms-23816-field_15_4-error\"  ><label class=\"wpforms-field-label-inline\" for=\"wpforms-23816-field_15_4\">Contabilidade e Transpar\u00eancia<\/label><\/li><li class=\"choice-5 depth-1\"><input type=\"checkbox\" id=\"wpforms-23816-field_15_5\" name=\"wpforms[fields][15][]\" value=\"Servi\u00e7os Personalizados\" aria-errormessage=\"wpforms-23816-field_15_5-error\"  ><label class=\"wpforms-field-label-inline\" for=\"wpforms-23816-field_15_5\">Servi\u00e7os Personalizados<\/label><\/li><li class=\"choice-6 depth-1\"><input type=\"checkbox\" id=\"wpforms-23816-field_15_6\" name=\"wpforms[fields][15][]\" value=\"Limpeza\" aria-errormessage=\"wpforms-23816-field_15_6-error\"  ><label class=\"wpforms-field-label-inline\" for=\"wpforms-23816-field_15_6\">Limpeza<\/label><\/li><\/ul><\/fieldset><\/div><div id=\"wpforms-23816-field_3-container\" class=\"wpforms-field wpforms-field-textarea\" data-field-id=\"3\"><label class=\"wpforms-field-label\" for=\"wpforms-23816-field_3\">Mensagem<\/label><textarea id=\"wpforms-23816-field_3\" class=\"wpforms-field-medium\" name=\"wpforms[fields][3]\" aria-errormessage=\"wpforms-23816-field_3-error\" ><\/textarea><\/div><script>\n\t\t\t\t( function() {\n\t\t\t\t\tconst style = document.createElement( 'style' );\n\t\t\t\t\tstyle.appendChild( document.createTextNode( '#wpforms-23816-field_4-container { position: absolute !important; overflow: hidden !important; display: inline !important; height: 1px !important; width: 1px !important; z-index: -1000 !important; padding: 0 !important; } #wpforms-23816-field_4-container input { visibility: hidden; } #wpforms-conversational-form-page #wpforms-23816-field_4-container label { counter-increment: none; }' ) );\n\t\t\t\t\tdocument.head.appendChild( style );\n\t\t\t\t\tdocument.currentScript?.remove();\n\t\t\t\t} )();\n\t\t\t<\/script><\/div><!-- .wpforms-field-container --><div class=\"wpforms-recaptcha-container wpforms-is-recaptcha wpforms-is-recaptcha-type-v2\" ><div class=\"g-recaptcha\" data-sitekey=\"6LffRFksAAAAAG1cpylq33qKFkPS6V_5zPom9FhC\"><\/div><input type=\"text\" name=\"g-recaptcha-hidden\" class=\"wpforms-recaptcha-hidden\" style=\"position:absolute!important;clip:rect(0,0,0,0)!important;height:1px!important;width:1px!important;border:0!important;overflow:hidden!important;padding:0!important;margin:0!important;\" data-rule-recaptcha=\"1\"><\/div><div class=\"wpforms-submit-container\" ><input type=\"hidden\" name=\"wpforms[id]\" value=\"23816\"><input type=\"hidden\" name=\"page_title\" value=\"\"><input type=\"hidden\" name=\"page_url\" value=\"https:\/\/singularway.com\/en\/wp-json\/wp\/v2\/pages\/24021\"><input type=\"hidden\" name=\"url_referer\" value=\"\"><button type=\"submit\" name=\"wpforms[submit]\" id=\"wpforms-submit-23816\" class=\"wpforms-submit\" data-alt-text=\"Enviando....\" data-submit-text=\"Enviar\" aria-live=\"assertive\" value=\"wpforms-submit\">Enviar<\/button><img decoding=\"async\" src=\"https:\/\/singularway.com\/wp-content\/plugins\/wpforms\/assets\/images\/submit-spin.svg\" class=\"wpforms-submit-spinner\" style=\"display: none;\" width=\"26\" height=\"26\" alt=\"Loading\"><\/div><\/form><\/div>  <!-- .wpforms-container -->\t\t\t\t<\/div>\n\t\t\t\t<\/div>\n\t\t\t\t\t<\/div>\n\t\t\t\t<\/div>\n\t\t\t\t\t<\/div>\n\t\t\t\t<\/div>\n\t\t\t\t<\/div>\n\t\t\t\t<\/div>\n\t\t\t\t<\/div>\n\t\t","protected":false},"excerpt":{"rendered":"<p>Somos especialistas na gest\u00e3o e administra\u00e7\u00e3o de condom\u00ednios, oferecendo solu\u00e7\u00f5es eficientes, transparentes e adaptadas \u00e0s necessidades de cada edif\u00edcio. Atuamos nas \u00e1reas financeira, administrativa, jur\u00eddica e operacional, garantindo organiza\u00e7\u00e3o, conformidade legal e valoriza\u00e7\u00e3o do patrim\u00f3nio. Trabalhamos com proximidade, rigor e profissionalismo para proporcionar tranquilidade a cond\u00f3minos e administradores. ADMINISTRA\u00c7\u00c3O&nbsp;DE&nbsp;CONDOM\u00cdNIOS GEST\u00c3O&nbsp;FINANCEIRA CONSULTORIA&nbsp;JUR\u00cdDICA CONTABILIDADE&nbsp;E&nbsp;TRANSPAR\u00caNCIA SERVI\u00c7OS&nbsp;PERSONALIZADOS Gest\u00e3o com [&hellip;]<\/p>\n","protected":false},"author":1,"featured_media":23804,"parent":0,"menu_order":0,"comment_status":"closed","ping_status":"closed","template":"elementor_canvas","meta":{"footnotes":""},"class_list":["post-24021","page","type-page","status-publish","has-post-thumbnail","hentry"],"_links":{"self":[{"href":"https:\/\/singularway.com\/en\/wp-json\/wp\/v2\/pages\/24021","targetHints":{"allow":["GET"]}}],"collection":[{"href":"https:\/\/singularway.com\/en\/wp-json\/wp\/v2\/pages"}],"about":[{"href":"https:\/\/singularway.com\/en\/wp-json\/wp\/v2\/types\/page"}],"author":[{"embeddable":true,"href":"https:\/\/singularway.com\/en\/wp-json\/wp\/v2\/users\/1"}],"replies":[{"embeddable":true,"href":"https:\/\/singularway.com\/en\/wp-json\/wp\/v2\/comments?post=24021"}],"version-history":[{"count":294,"href":"https:\/\/singularway.com\/en\/wp-json\/wp\/v2\/pages\/24021\/revisions"}],"predecessor-version":[{"id":24867,"href":"https:\/\/singularway.com\/en\/wp-json\/wp\/v2\/pages\/24021\/revisions\/24867"}],"wp:featuredmedia":[{"embeddable":true,"href":"https:\/\/singularway.com\/en\/wp-json\/wp\/v2\/media\/23804"}],"wp:attachment":[{"href":"https:\/\/singularway.com\/en\/wp-json\/wp\/v2\/media?parent=24021"}],"curies":[{"name":"wp","href":"https:\/\/api.w.org\/{rel}","templated":true}]}}