{"id":23746,"date":"2026-01-29T17:16:58","date_gmt":"2026-01-29T17:16:58","guid":{"rendered":"https:\/\/singularway.com\/?page_id=23746"},"modified":"2026-01-29T17:33:04","modified_gmt":"2026-01-29T17:33:04","slug":"estudo","status":"publish","type":"page","link":"https:\/\/singularway.com\/en\/estudo\/","title":{"rendered":"estudo"},"content":{"rendered":"\t\t<div data-elementor-type=\"wp-page\" data-elementor-id=\"23746\" class=\"elementor elementor-23746\" data-elementor-post-type=\"page\">\n\t\t\t\t<div class=\"elementor-element elementor-element-dbdc949 e-con-full e-flex e-con e-parent\" data-id=\"dbdc949\" data-element_type=\"container\" data-e-type=\"container\">\n\t\t<div class=\"elementor-element elementor-element-98211e0 e-con-full e-flex e-con e-child\" data-id=\"98211e0\" data-element_type=\"container\" data-e-type=\"container\" data-settings=\"{&quot;background_background&quot;:&quot;classic&quot;}\">\n\t\t\t\t<div class=\"elementor-element elementor-element-6f95549 elementor-widget elementor-widget-heading\" data-id=\"6f95549\" data-element_type=\"widget\" data-e-type=\"widget\" data-widget_type=\"heading.default\">\n\t\t\t\t\t<h1 class=\"elementor-heading-title elementor-size-default\">Estudo de Viabilidade Econ\u00f3mica e Financeira<\/h1>\t\t\t\t<\/div>\n\t\t\t\t<\/div>\n\t\t\t\t<\/div>\n\t\t<div class=\"elementor-element elementor-element-a0ba118 e-flex e-con-boxed e-con e-parent\" data-id=\"a0ba118\" data-element_type=\"container\" data-e-type=\"container\">\n\t\t\t\t\t<div class=\"e-con-inner\">\n\t\t<div class=\"elementor-element elementor-element-693a55c e-con-full e-flex e-con e-child\" data-id=\"693a55c\" data-element_type=\"container\" data-e-type=\"container\">\n\t\t\t\t<div class=\"elementor-element elementor-element-9f80a34 elementor-widget elementor-widget-text-editor\" data-id=\"9f80a34\" data-element_type=\"widget\" data-e-type=\"widget\" data-widget_type=\"text-editor.default\">\n\t\t\t\t\t\t\t\t\t<div class=\"wpb_text_column wpb_content_element \"><div class=\"wpb_wrapper\"><p><span dir=\"auto\" style=\"vertical-align: inherit;\"><span dir=\"auto\" style=\"vertical-align: inherit;\">Um <\/span><\/span><strong><span dir=\"auto\" style=\"vertical-align: inherit;\"><span dir=\"auto\" style=\"vertical-align: inherit;\">Estudo de Viabilidade Econ\u00f4mica e Financeira<\/span><\/span><\/strong><span dir=\"auto\" style=\"vertical-align: inherit;\"><span dir=\"auto\" style=\"vertical-align: inherit;\">\u00a0\u00e9 fundamental, seja para projetos relacionados \u00e0 cria\u00e7\u00e3o de uma nova empresa, seja para projetos de investimento de uma empresa j\u00e1 em atividade que precisa avaliar a valia dos mesmos e seu impacto na empresa. <\/span><\/span><br \/><span dir=\"auto\" style=\"vertical-align: inherit;\"><span dir=\"auto\" style=\"vertical-align: inherit;\">A implanta\u00e7\u00e3o de um projeto de investimento, implica em uma profunda an\u00e1lise de mercado, da empresa, do produto\/servi\u00e7o e de um rigoroso plano de neg\u00f3cios, que suporte a viabilidade do investimento.<\/span><\/span><\/p><p><span dir=\"auto\" style=\"vertical-align: inherit;\"><span dir=\"auto\" style=\"vertical-align: inherit;\"><span dir=\"auto\" style=\"vertical-align: inherit;\"><span dir=\"auto\" style=\"vertical-align: inherit;\">Executamos com sucesso e aprova\u00e7\u00e3o nos \u00faltimos 10 anos, mais de 2500 estudos para obten\u00e7\u00e3o de financiamento da banca e licen\u00e7as no \u00e2mbito do programa Empreendeder Lisboa, IAPMEI, Angola-Investe, Prodesi Angola, Banco Mundial, BDA-Angola ( PLANAGR\u00c3O, PLANAPESCAS ), entre outros.<\/span><\/span><\/span><\/span><\/p><p><span dir=\"auto\" style=\"vertical-align: inherit;\"><span dir=\"auto\" style=\"vertical-align: inherit;\"><span dir=\"auto\" style=\"vertical-align: inherit;\"><span dir=\"auto\" style=\"vertical-align: inherit;\">Estudos nas \u00e1reas tecnol\u00f3gicas, agropecu\u00e1ria, a\u00e7o, explora\u00e7\u00e3o mineira, cervejeiras, restaura\u00e7\u00e3o, centros hospitalares, transportes, hotelaria, reciclagem, embarca\u00e7\u00f5es, entre outros.<\/span><\/span><\/span><\/span><\/p><p><strong><span dir=\"auto\" style=\"vertical-align: inherit;\"><span dir=\"auto\" style=\"vertical-align: inherit;\"><span dir=\"auto\" style=\"vertical-align: inherit;\"><span dir=\"auto\" style=\"vertical-align: inherit;\">N\u00e3o financiamos mas acompanhamos o seu estudo nos bancos at\u00e9 \u00e0 sua aprova\u00e7\u00e3o.<\/span><\/span><\/span><\/span><\/strong><\/p><p><span dir=\"auto\" style=\"vertical-align: inherit;\"><span dir=\"auto\" style=\"vertical-align: inherit;\"><span dir=\"auto\" style=\"vertical-align: inherit;\"><span dir=\"auto\" style=\"vertical-align: inherit;\">Elaborado por economistas Portugueses, liderado pelo Dr. Rui Patr\u00edcio, professor universit\u00e1rio e autor de diversos artigos de opini\u00f5es em Jornais Angolanos e Portugueses. Executou <\/span><\/span><\/span><\/span><a title=\"ver projectos\" href=\"https:\/\/singularway.com\/estudos-realizados\/\" target=\"_blank\" rel=\"noopener\"><span dir=\"auto\" style=\"vertical-align: inherit;\"><span dir=\"auto\" style=\"vertical-align: inherit;\"><span dir=\"auto\" style=\"vertical-align: inherit;\"><span dir=\"auto\" style=\"vertical-align: inherit;\">projetos<\/span><\/span><\/span><\/span><\/a><span dir=\"auto\" style=\"vertical-align: inherit;\"><span dir=\"auto\" style=\"vertical-align: inherit;\"><span dir=\"auto\" style=\"vertical-align: inherit;\"><span dir=\"auto\" style=\"vertical-align: inherit;\"> como cervejaria Tigra, Shopping CANDANDO, Kubinga, Resorts, mineradores para Catoca, auditorias para governo e bancos, etc<\/span><\/span><\/span><\/span><\/p><p><span dir=\"auto\" style=\"vertical-align: inherit;\"><span dir=\"auto\" style=\"vertical-align: inherit;\"><span dir=\"auto\" style=\"vertical-align: inherit;\"><span dir=\"auto\" style=\"vertical-align: inherit;\">Este servi\u00e7o de consultoria inclui as seguintes etapas:<\/span><\/span><\/span><\/span><\/p><\/div><\/div><div class=\"wpb_text_column wpb_content_element wpb_animate_when_almost_visible wpb_top-to-bottom top-to-bottom wpb_start_animation animated\"><div class=\"wpb_wrapper\"><ol><li><span dir=\"auto\" style=\"vertical-align: inherit;\"><span dir=\"auto\" style=\"vertical-align: inherit;\">Proje\u00e7\u00e3o de receitas e custos<\/span><\/span><\/li><li><span dir=\"auto\" style=\"vertical-align: inherit;\"><span dir=\"auto\" style=\"vertical-align: inherit;\"><span dir=\"auto\" style=\"vertical-align: inherit;\"><span dir=\"auto\" style=\"vertical-align: inherit;\">C\u00e1lculo do investimento e das necessidades de financiamento<\/span><\/span><\/span><\/span><\/li><li><span dir=\"auto\" style=\"vertical-align: inherit;\"><span dir=\"auto\" style=\"vertical-align: inherit;\"><span dir=\"auto\" style=\"vertical-align: inherit;\"><span dir=\"auto\" style=\"vertical-align: inherit;\">Defini\u00e7\u00e3o de objectivos comerciais<\/span><\/span><\/span><\/span><\/li><li><span dir=\"auto\" style=\"vertical-align: inherit;\"><span dir=\"auto\" style=\"vertical-align: inherit;\"><span dir=\"auto\" style=\"vertical-align: inherit;\"><span dir=\"auto\" style=\"vertical-align: inherit;\">C\u00e1lculo de rendibilidade e de retorno econ\u00f3mico<\/span><\/span><\/span><\/span><\/li><li><span dir=\"auto\" style=\"vertical-align: inherit;\"><span dir=\"auto\" style=\"vertical-align: inherit;\">Elabora\u00e7\u00e3o do Estudo de Viabilidade Econ\u00f4mica e Financeira<\/span><\/span><\/li><\/ol><\/div><\/div>\t\t\t\t\t\t\t\t<\/div>\n\t\t\t\t<\/div>\n\t\t\t\t\t<\/div>\n\t\t\t\t<\/div>\n\t\t<div class=\"elementor-element elementor-element-9fdc127 e-con-full e-flex e-con e-parent\" data-id=\"9fdc127\" data-element_type=\"container\" data-e-type=\"container\">\n\t\t<div class=\"elementor-element elementor-element-9bf367b e-con-full e-flex e-con e-child\" data-id=\"9bf367b\" data-element_type=\"container\" data-e-type=\"container\">\n\t\t\t\t<div class=\"elementor-element elementor-element-8233809 elementor-widget elementor-widget-eael-adv-accordion\" data-id=\"8233809\" data-element_type=\"widget\" data-e-type=\"widget\" data-widget_type=\"eael-adv-accordion.default\">\n\t\t\t\t\t            <div class=\"eael-adv-accordion\" id=\"eael-adv-accordion-8233809\" data-scroll-on-click=\"no\" data-scroll-speed=\"300\" data-accordion-id=\"8233809\" data-accordion-type=\"accordion\" data-toogle-speed=\"300\">\n            <div class=\"eael-accordion-list\">\n\t\t\t\t\t<div id=\"solicitar-oramento\" class=\"elementor-tab-title eael-accordion-header\" tabindex=\"0\" data-tab=\"1\" aria-controls=\"elementor-tab-content-1361\"><span class=\"eael-advanced-accordion-icon-closed\"><svg aria-hidden=\"true\" class=\"fa-accordion-icon e-font-icon-svg e-fas-plus\" viewBox=\"0 0 448 512\" xmlns=\"http:\/\/www.w3.org\/2000\/svg\"><path d=\"M416 208H272V64c0-17.67-14.33-32-32-32h-32c-17.67 0-32 14.33-32 32v144H32c-17.67 0-32 14.33-32 32v32c0 17.67 14.33 32 32 32h144v144c0 17.67 14.33 32 32 32h32c17.67 0 32-14.33 32-32V304h144c17.67 0 32-14.33 32-32v-32c0-17.67-14.33-32-32-32z\"><\/path><\/svg><\/span><span class=\"eael-advanced-accordion-icon-opened\"><svg aria-hidden=\"true\" class=\"fa-accordion-icon e-font-icon-svg e-fas-file-alt\" viewBox=\"0 0 384 512\" xmlns=\"http:\/\/www.w3.org\/2000\/svg\"><path d=\"M224 136V0H24C10.7 0 0 10.7 0 24v464c0 13.3 10.7 24 24 24h336c13.3 0 24-10.7 24-24V160H248c-13.2 0-24-10.8-24-24zm64 236c0 6.6-5.4 12-12 12H108c-6.6 0-12-5.4-12-12v-8c0-6.6 5.4-12 12-12h168c6.6 0 12 5.4 12 12v8zm0-64c0 6.6-5.4 12-12 12H108c-6.6 0-12-5.4-12-12v-8c0-6.6 5.4-12 12-12h168c6.6 0 12 5.4 12 12v8zm0-72v8c0 6.6-5.4 12-12 12H108c-6.6 0-12-5.4-12-12v-8c0-6.6 5.4-12 12-12h168c6.6 0 12 5.4 12 12zm96-114.1v6.1H256V0h6.1c6.4 0 12.5 2.5 17 7l97.9 98c4.5 4.5 7 10.6 7 16.9z\"><\/path><\/svg><\/span><span class=\"eael-accordion-tab-title\">Solicitar Or\u00e7amento<\/span><\/div><div id=\"elementor-tab-content-1361\" class=\"eael-accordion-content clearfix\" data-tab=\"1\" aria-labelledby=\"solicitar-oramento\"><p><style id=\"wpforms-css-vars-23742\">\n\t\t\t\t#wpforms-23742 {\n\t\t\t\t--wpforms-field-size-input-height: 43px;\n--wpforms-field-size-input-spacing: 15px;\n--wpforms-field-size-font-size: 16px;\n--wpforms-field-size-line-height: 19px;\n--wpforms-field-size-padding-h: 14px;\n--wpforms-field-size-checkbox-size: 16px;\n--wpforms-field-size-sublabel-spacing: 5px;\n--wpforms-field-size-icon-size: 1;\n--wpforms-label-size-font-size: 16px;\n--wpforms-label-size-line-height: 19px;\n--wpforms-label-size-sublabel-font-size: 14px;\n--wpforms-label-size-sublabel-line-height: 17px;\n--wpforms-button-size-font-size: 17px;\n--wpforms-button-size-height: 41px;\n--wpforms-button-size-padding-h: 15px;\n--wpforms-button-size-margin-top: 10px;\n--wpforms-container-shadow-size-box-shadow: none;\n\t\t\t}\n\t\t\t<\/style><div class=\"wpforms-container wpforms-container-full wpforms-render-modern\" id=\"wpforms-23742\"><form id=\"wpforms-form-23742\" class=\"wpforms-validate wpforms-form wpforms-ajax-form\" data-formid=\"23742\" method=\"post\" enctype=\"multipart\/form-data\" action=\"\/en\/wp-json\/wp\/v2\/pages\/23746\" data-token=\"e7c1f239479d7ea6cde8a04cc11ea8f5\" data-token-time=\"1777645799\"><noscript class=\"wpforms-error-noscript\">Please enable JavaScript in your browser to complete this form.<\/noscript><div id=\"wpforms-error-noscript\" style=\"display: none;\">Please enable JavaScript in your browser to complete this form.<\/div><div class=\"wpforms-field-container\"><div id=\"wpforms-23742-field_3-container\" class=\"wpforms-field wpforms-field-text\" data-field-id=\"3\"><label class=\"wpforms-field-label\" for=\"wpforms-23742-field_3\">O seu Nome<\/label><input type=\"text\" id=\"wpforms-23742-field_3\" class=\"wpforms-field-medium\" name=\"wpforms[fields][3]\" aria-errormessage=\"wpforms-23742-field_3-error\" ><\/div><div id=\"wpforms-23742-field_1-container\" class=\"wpforms-field wpforms-field-email\" data-field-id=\"1\"><label class=\"wpforms-field-label\" for=\"wpforms-23742-field_1\">O seu Email <span class=\"wpforms-required-label\" aria-hidden=\"true\">*<\/span><\/label><input type=\"email\" id=\"wpforms-23742-field_1\" class=\"wpforms-field-medium wpforms-field-required\" name=\"wpforms[fields][1]\" spellcheck=\"false\" aria-errormessage=\"wpforms-23742-field_1-error\" required><\/div><div id=\"wpforms-23742-field_4-container\" class=\"wpforms-field wpforms-field-text\" data-field-id=\"4\"><label class=\"wpforms-field-label\" for=\"wpforms-23742-field_4\">O seu Telefone<\/label><input type=\"text\" id=\"wpforms-23742-field_4\" class=\"wpforms-field-medium\" name=\"wpforms[fields][4]\" aria-errormessage=\"wpforms-23742-field_4-error\" ><\/div><div id=\"wpforms-23742-field_5-container\" class=\"wpforms-field wpforms-field-text\" data-field-id=\"5\"><label class=\"wpforms-field-label\" for=\"wpforms-23742-field_5\">O seu pa\u00eds<\/label><input type=\"text\" id=\"wpforms-23742-field_5\" class=\"wpforms-field-medium\" name=\"wpforms[fields][5]\" aria-errormessage=\"wpforms-23742-field_5-error\" ><\/div><div id=\"wpforms-23742-field_6-container\" class=\"wpforms-field wpforms-field-text\" data-field-id=\"6\"><label class=\"wpforms-field-label\" for=\"wpforms-23742-field_6\">\u00c1rea de Neg\u00f3cio<\/label><input type=\"text\" id=\"wpforms-23742-field_6\" class=\"wpforms-field-medium\" name=\"wpforms[fields][6]\" aria-errormessage=\"wpforms-23742-field_6-error\" ><\/div><div id=\"wpforms-23742-field_7-container\" class=\"wpforms-field wpforms-field-text\" data-field-id=\"7\"><label class=\"wpforms-field-label\" for=\"wpforms-23742-field_7\">Valor do Investimento<\/label><input type=\"text\" id=\"wpforms-23742-field_7\" class=\"wpforms-field-medium\" name=\"wpforms[fields][7]\" aria-errormessage=\"wpforms-23742-field_7-error\" ><\/div><div id=\"wpforms-23742-field_8-container\" class=\"wpforms-field wpforms-field-checkbox\" data-field-id=\"8\"><fieldset><legend class=\"wpforms-field-label wpforms-label-hide\" aria-hidden=\"false\">Checkboxes <span class=\"wpforms-required-label\" aria-hidden=\"true\">*<\/span><\/legend><ul id=\"wpforms-23742-field_8\" class=\"wpforms-field-required\"><li class=\"choice-3 depth-1\"><input type=\"checkbox\" id=\"wpforms-23742-field_8_3\" name=\"wpforms[fields][8][]\" value=\"Li e concordo com a pol\u00edtica de privacidade da Singularway\" aria-errormessage=\"wpforms-23742-field_8_3-error\" required ><label class=\"wpforms-field-label-inline\" for=\"wpforms-23742-field_8_3\">Li e concordo com a pol\u00edtica de privacidade da Singularway<\/label><\/li><\/ul><\/fieldset><\/div><div id=\"wpforms-23742-field_2-container\" class=\"wpforms-field wpforms-field-textarea\" data-field-id=\"2\"><label class=\"wpforms-field-label\" for=\"wpforms-23742-field_2\">Mensagem<\/label><textarea id=\"wpforms-23742-field_2\" class=\"wpforms-field-medium\" name=\"wpforms[fields][2]\" aria-errormessage=\"wpforms-23742-field_2-error\" ><\/textarea><\/div><\/div><!-- .wpforms-field-container --><div class=\"wpforms-recaptcha-container wpforms-is-recaptcha wpforms-is-recaptcha-type-v2\" ><div class=\"g-recaptcha\" data-sitekey=\"6LffRFksAAAAAG1cpylq33qKFkPS6V_5zPom9FhC\"><\/div><input type=\"text\" name=\"g-recaptcha-hidden\" class=\"wpforms-recaptcha-hidden\" style=\"position:absolute!important;clip:rect(0,0,0,0)!important;height:1px!important;width:1px!important;border:0!important;overflow:hidden!important;padding:0!important;margin:0!important;\" data-rule-recaptcha=\"1\"><\/div><div class=\"wpforms-submit-container\" ><input type=\"hidden\" name=\"wpforms[id]\" value=\"23742\"><input type=\"hidden\" name=\"page_title\" value=\"\"><input type=\"hidden\" name=\"page_url\" value=\"https:\/\/singularway.com\/en\/wp-json\/wp\/v2\/pages\/23746\"><input type=\"hidden\" name=\"url_referer\" value=\"\"><button type=\"submit\" name=\"wpforms[submit]\" id=\"wpforms-submit-23742\" class=\"wpforms-submit\" data-alt-text=\"Enviando....\" data-submit-text=\"Enviar\" aria-live=\"assertive\" value=\"wpforms-submit\">Enviar<\/button><img decoding=\"async\" src=\"https:\/\/singularway.com\/wp-content\/plugins\/wpforms\/assets\/images\/submit-spin.svg\" class=\"wpforms-submit-spinner\" style=\"display: none;\" width=\"26\" height=\"26\" alt=\"Loading\"><\/div><\/form><\/div>  <!-- .wpforms-container --><\/p><\/div>\n\t\t\t\t\t<\/div><\/div>\t\t\t\t<\/div>\n\t\t\t\t<\/div>\n\t\t<div class=\"elementor-element elementor-element-0a40e8e e-con-full e-flex e-con e-child\" data-id=\"0a40e8e\" data-element_type=\"container\" data-e-type=\"container\">\n\t\t\t\t<\/div>\n\t\t\t\t<\/div>\n\t\t\t\t<\/div>\n\t\t","protected":false},"excerpt":{"rendered":"<p>Estudo de Viabilidade Econ\u00f3mica e Financeira Um Estudo de Viabilidade Econ\u00f4mica e Financeira\u00a0\u00e9 fundamental, seja para projetos relacionados \u00e0 cria\u00e7\u00e3o de uma nova empresa, seja para projetos de investimento de uma empresa j\u00e1 em atividade que precisa avaliar a valia dos mesmos e seu impacto na empresa. A implanta\u00e7\u00e3o de um projeto de investimento, implica [&hellip;]<\/p>\n","protected":false},"author":1,"featured_media":0,"parent":0,"menu_order":0,"comment_status":"closed","ping_status":"closed","template":"","meta":{"footnotes":""},"class_list":["post-23746","page","type-page","status-publish","hentry"],"_links":{"self":[{"href":"https:\/\/singularway.com\/en\/wp-json\/wp\/v2\/pages\/23746","targetHints":{"allow":["GET"]}}],"collection":[{"href":"https:\/\/singularway.com\/en\/wp-json\/wp\/v2\/pages"}],"about":[{"href":"https:\/\/singularway.com\/en\/wp-json\/wp\/v2\/types\/page"}],"author":[{"embeddable":true,"href":"https:\/\/singularway.com\/en\/wp-json\/wp\/v2\/users\/1"}],"replies":[{"embeddable":true,"href":"https:\/\/singularway.com\/en\/wp-json\/wp\/v2\/comments?post=23746"}],"version-history":[{"count":15,"href":"https:\/\/singularway.com\/en\/wp-json\/wp\/v2\/pages\/23746\/revisions"}],"predecessor-version":[{"id":23765,"href":"https:\/\/singularway.com\/en\/wp-json\/wp\/v2\/pages\/23746\/revisions\/23765"}],"wp:attachment":[{"href":"https:\/\/singularway.com\/en\/wp-json\/wp\/v2\/media?parent=23746"}],"curies":[{"name":"wp","href":"https:\/\/api.w.org\/{rel}","templated":true}]}}