{"id":21310,"date":"2023-09-19T17:52:38","date_gmt":"2023-09-19T17:52:38","guid":{"rendered":"https:\/\/singularway.com\/?page_id=21310"},"modified":"2023-09-29T18:49:52","modified_gmt":"2023-09-29T18:49:52","slug":"contactos-mocambique","status":"publish","type":"page","link":"https:\/\/singularway.com\/en\/contactos-mocambique\/","title":{"rendered":"Contactos Mo\u00e7ambique"},"content":{"rendered":"<div data-elementor-type=\"wp-page\" data-elementor-id=\"21310\" class=\"elementor elementor-21310\" data-elementor-post-type=\"page\">\n\t\t\t\t<div class=\"elementor-element elementor-element-47ba4eb0 e-con-full e-flex e-con e-parent\" data-id=\"47ba4eb0\" data-element_type=\"container\" data-e-type=\"container\">\n\t\t<div class=\"elementor-element elementor-element-aa0093 e-flex e-con-boxed e-con e-child\" data-id=\"aa0093\" data-element_type=\"container\" data-e-type=\"container\" data-settings=\"{&quot;background_background&quot;:&quot;classic&quot;}\">\n\t\t\t\t\t<div class=\"e-con-inner\">\n\t\t<div class=\"elementor-element elementor-element-22cc52be e-flex e-con-boxed e-con e-child\" data-id=\"22cc52be\" data-element_type=\"container\" data-e-type=\"container\" data-settings=\"{&quot;background_background&quot;:&quot;classic&quot;}\">\n\t\t\t\t\t<div class=\"e-con-inner\">\n\t\t\t\t<div class=\"elementor-element elementor-element-7b99bf45 elementor-widget elementor-widget-heading\" data-id=\"7b99bf45\" data-element_type=\"widget\" data-e-type=\"widget\" data-widget_type=\"heading.default\">\n\t\t\t\t\t<h2 class=\"elementor-heading-title elementor-size-default\">CONTACTOS MO\u00c7AMBIQUE<\/h2>\t\t\t\t<\/div>\n\t\t\t\t\t<\/div>\n\t\t\t\t<\/div>\n\t\t\t\t\t<\/div>\n\t\t\t\t<\/div>\n\t\t\t\t<\/div>\n\t\t<div class=\"elementor-element elementor-element-099a0a7 e-flex e-con-boxed e-con e-parent\" data-id=\"099a0a7\" data-element_type=\"container\" data-e-type=\"container\">\n\t\t\t\t\t<div class=\"e-con-inner\">\n\t\t\t\t<div class=\"elementor-element elementor-element-34aeac6 elementor-widget elementor-widget-text-editor\" data-id=\"34aeac6\" data-element_type=\"widget\" data-e-type=\"widget\" data-widget_type=\"text-editor.default\">\n\t\t\t\t\t\t\t\t\t<h2 class=\"nd_options_first_font\"><strong>MAPUTO<\/strong><\/h2><p class=\"nd_options_first_font\">Monday to Friday \u2013 9:00 am to 1:00 pm and 2:00 pm to 6:00 pm<\/p><h3 class=\"nd_options_first_font\"><strong>(+258) 844 098 750<\/strong><\/h3><hr \/><p>\u00a0<\/p><p>EMAIL : geral.mocambique@singularway.com<\/p><p>PHONE2: (+351) 968 595 679<\/p><hr \/><div class=\"vc_row wpb_row vc_inner vc_row-fluid\"><div class=\"wpb_column vc_column_container vc_col-sm-12\"><div class=\"vc_column-inner\"><div class=\"wpb_wrapper\"><div class=\"nd_options_section nd_options_display_table\"><div>\u00a0<\/div><div class=\"nd_options_display_table_cell nd_options_vertical_align_middle nd_options_width_50_percentage nd_options_text_align_left nd_options_padding_10 nd_options_box_sizing_border_box\">ADDRESS:<\/div><\/div><\/div><\/div><\/div><\/div><div class=\"nd_options_section nd_options_display_table\"><div class=\"nd_options_display_table_cell nd_options_vertical_align_middle nd_options_width_50_percentage nd_options_text_align_right nd_options_padding_10 nd_options_box_sizing_border_box\"><p class=\"nd_options_margin_0 nd_options_padding_0\">Millennium Park Building, Avenida Vladimir Lenine, 174 \u2013 Maputo \u2013 Mozambique<\/p><\/div><\/div>\t\t\t\t\t\t\t\t<\/div>\n\t\t\t\t\t<\/div>\n\t\t\t\t<\/div>\n\t\t<div class=\"elementor-element elementor-element-faedb91 e-flex e-con-boxed e-con e-parent\" data-id=\"faedb91\" data-element_type=\"container\" data-e-type=\"container\">\n\t\t\t\t\t<div class=\"e-con-inner\">\n\t\t<div class=\"elementor-element elementor-element-59cd24d e-flex e-con-boxed e-con e-child\" data-id=\"59cd24d\" data-element_type=\"container\" data-e-type=\"container\">\n\t\t\t\t\t<div class=\"e-con-inner\">\n\t\t\t\t<div class=\"elementor-element elementor-element-95a860b elementor-widget elementor-widget-google_maps\" data-id=\"95a860b\" data-element_type=\"widget\" data-e-type=\"widget\" data-widget_type=\"google_maps.default\">\n\t\t\t\t\t\t\t<div class=\"elementor-custom-embed\">\n\t\t\t<iframe loading=\"lazy\"\n\t\t\t\t\tsrc=\"https:\/\/maps.google.com\/maps?q=Will%20da%20Rich%20Milleniom%20Parke%2C%20Maputo%20Cidade%2C%20Mo%C3%A7ambique&#038;t=m&#038;z=16&#038;output=embed&#038;iwloc=near\"\n\t\t\t\t\ttitle=\"Will da Rich Milleniom Parke, Maputo Cidade, Mo\u00e7ambique\"\n\t\t\t\t\taria-label=\"Will da Rich Milleniom Parke, Maputo Cidade, Mo\u00e7ambique\"\n\t\t\t><\/iframe>\n\t\t<\/div>\n\t\t\t\t\t\t<\/div>\n\t\t\t\t\t<\/div>\n\t\t\t\t<\/div>\n\t\t\t\t\t<\/div>\n\t\t\t\t<\/div>\n\t\t\t\t<\/div>","protected":false},"excerpt":{"rendered":"<p>CONTACTOS MO\u00c7AMBIQUE MAPUTO Segunda a Sexta &#8211; 09h00 \u00e0s 13h00 e das 14h00 \u00e0s 18h00 (+258) 844 098 750 \u00a0 EMAIL : geral.mocambique@singularway.com TELEFONE2: (+351) 968 595 679 \u00a0MORADA : Edificio Millenium Park &#8211; Av. Vladimir Lenine,174 &#8211; Maputo &#8211; Mo\u00e7ambique<\/p>","protected":false},"author":1,"featured_media":0,"parent":0,"menu_order":0,"comment_status":"closed","ping_status":"closed","template":"","meta":{"footnotes":""},"class_list":["post-21310","page","type-page","status-publish","hentry"],"_links":{"self":[{"href":"https:\/\/singularway.com\/en\/wp-json\/wp\/v2\/pages\/21310","targetHints":{"allow":["GET"]}}],"collection":[{"href":"https:\/\/singularway.com\/en\/wp-json\/wp\/v2\/pages"}],"about":[{"href":"https:\/\/singularway.com\/en\/wp-json\/wp\/v2\/types\/page"}],"author":[{"embeddable":true,"href":"https:\/\/singularway.com\/en\/wp-json\/wp\/v2\/users\/1"}],"replies":[{"embeddable":true,"href":"https:\/\/singularway.com\/en\/wp-json\/wp\/v2\/comments?post=21310"}],"version-history":[{"count":0,"href":"https:\/\/singularway.com\/en\/wp-json\/wp\/v2\/pages\/21310\/revisions"}],"wp:attachment":[{"href":"https:\/\/singularway.com\/en\/wp-json\/wp\/v2\/media?parent=21310"}],"curies":[{"name":"wp","href":"https:\/\/api.w.org\/{rel}","templated":true}]}}