{"id":21113,"date":"2023-09-19T11:02:54","date_gmt":"2023-09-19T11:02:54","guid":{"rendered":"https:\/\/singularway.com\/?page_id=21113"},"modified":"2023-10-08T19:25:22","modified_gmt":"2023-10-08T19:25:22","slug":"formacao-para-empresas","status":"publish","type":"page","link":"https:\/\/singularway.com\/en\/formacao-para-empresas\/","title":{"rendered":"Training for Companies"},"content":{"rendered":"<div data-elementor-type=\"wp-page\" data-elementor-id=\"21113\" class=\"elementor elementor-21113\" data-elementor-post-type=\"page\">\n\t\t\t\t<div class=\"elementor-element elementor-element-daff0e3 e-flex e-con-boxed e-con e-parent\" data-id=\"daff0e3\" data-element_type=\"container\" data-e-type=\"container\" data-settings=\"{&quot;background_background&quot;:&quot;classic&quot;}\">\n\t\t\t\t\t<div class=\"e-con-inner\">\n\t\t\t\t<div class=\"elementor-element elementor-element-7cb7fb9 elementor-widget elementor-widget-heading\" data-id=\"7cb7fb9\" data-element_type=\"widget\" data-e-type=\"widget\" data-widget_type=\"heading.default\">\n\t\t\t\t\t<h1 class=\"elementor-heading-title elementor-size-default\">Training for Companies<\/h1>\t\t\t\t<\/div>\n\t\t\t\t\t<\/div>\n\t\t\t\t<\/div>\n\t\t<div class=\"elementor-element elementor-element-5c255d8 e-flex e-con-boxed e-con e-parent\" data-id=\"5c255d8\" data-element_type=\"container\" data-e-type=\"container\" data-settings=\"{&quot;background_background&quot;:&quot;classic&quot;}\">\n\t\t\t\t\t<div class=\"e-con-inner\">\n\t\t<div class=\"elementor-element elementor-element-4b69008 e-flex e-con-boxed e-con e-child\" data-id=\"4b69008\" data-element_type=\"container\" data-e-type=\"container\" data-settings=\"{&quot;background_background&quot;:&quot;classic&quot;}\">\n\t\t\t\t\t<div class=\"e-con-inner\">\n\t\t\t\t\t<\/div>\n\t\t\t\t<\/div>\n\t\t\t\t\t<\/div>\n\t\t\t\t<\/div>\n\t\t<div class=\"elementor-element elementor-element-5e131e9 e-flex e-con-boxed e-con e-parent\" data-id=\"5e131e9\" data-element_type=\"container\" data-e-type=\"container\">\n\t\t\t\t\t<div class=\"e-con-inner\">\n\t\t\t\t<div class=\"elementor-element elementor-element-95738a6 elementor-widget elementor-widget-text-editor\" data-id=\"95738a6\" data-element_type=\"widget\" data-e-type=\"widget\" data-widget_type=\"text-editor.default\">\n\t\t\t\t\t\t\t\t\t<h5><strong>Training Plan Adapted to Your Company<\/strong><\/h5><p>We survey your company's needs and build an adapted program. Request a survey of training needs via our email geral@singularway.com<\/p><h5><strong>Training Areas<\/strong><\/h5><p>Behavioral<br \/>Marketing<br \/>Economic-Financial<br \/>Human resource Management<br \/>Administrative<br \/>New Technologies<br \/>We believe that the foundations of a solid company are the knowledge it is capable of generating from itself and the attention focused on its critical success factors.<\/p><p>SingularWay has developed several specialized training programs, segmented into major business areas.<\/p><p>Knowing and mastering the areas of AUDIT, ACCOUNTING, TAXATION, HUMAN RESOURCES and MARKETING is the constant challenge of any organization that wants to succeed in a market that is constantly changing.<\/p><p>SingularWay's training programs are, above all, based on the practical reality of the markets. For this same reason, SingularWay has specific training for the Angolan and Cape Verdean market, adapting, for example, Accounting and Taxation to the legislation of each country.<\/p><p>Each company must be oriented towards what it does well, in this sense, several of our clients work with SingularWay as external help.<\/p><p>The advantages of obtaining solutions for your business with external help are several. External assistance is a fast, accurate and flexible tool.<\/p><p>Your company's core business should not be dispersed in areas of only momentary need. The adapted response from specialists segmented by various areas of action means that you always have the right solution, with the right know-how for the most diverse problems.<\/p><p>SingularWay takes into account that sometimes the biggest challenge for organizations is finding areas to improve. Therefore, it offers its customers programs specially designed and adapted to their needs.<\/p><p>Below we present some organizations with which we currently work:<\/p><p>Telepizza Portugal S.A.<br \/>Sumol-Compal S.A.<br \/>Housetrip<br \/>Sonangol, S.A.<br \/>Cl\u00ednica Girassol<br \/>Grupo Controlinveste<br \/>TVI, S.A.<br \/>SolutionsOut<\/p>\t\t\t\t\t\t\t\t<\/div>\n\t\t\t\t\t<\/div>\n\t\t\t\t<\/div>\n\t\t\t\t<\/div>","protected":false},"excerpt":{"rendered":"<p>Forma\u00e7\u00e3o Para Empresas Plano de Forma\u00e7\u00e3o Adaptado \u00e0 Sua Empresa Fazemos um levantamento das necessidades da sua empresa e constru\u00edmos um programa adaptado. Solicite o levantamento de necessidades de forma\u00e7\u00e3o atrav\u00e9s do nosso e-mail geral@singularway.com \u00c1reas de Forma\u00e7\u00e3o Comportamental Marketing Econ\u00f3mico-Financeira Recursos Humanos Administrativa Novas Tecnologias Acreditamos que os alicerces de uma empresa s\u00f3lida s\u00e3o [&hellip;]<\/p>\n","protected":false},"author":1,"featured_media":1948,"parent":0,"menu_order":0,"comment_status":"closed","ping_status":"closed","template":"","meta":{"footnotes":""},"class_list":["post-21113","page","type-page","status-publish","has-post-thumbnail","hentry"],"_links":{"self":[{"href":"https:\/\/singularway.com\/en\/wp-json\/wp\/v2\/pages\/21113","targetHints":{"allow":["GET"]}}],"collection":[{"href":"https:\/\/singularway.com\/en\/wp-json\/wp\/v2\/pages"}],"about":[{"href":"https:\/\/singularway.com\/en\/wp-json\/wp\/v2\/types\/page"}],"author":[{"embeddable":true,"href":"https:\/\/singularway.com\/en\/wp-json\/wp\/v2\/users\/1"}],"replies":[{"embeddable":true,"href":"https:\/\/singularway.com\/en\/wp-json\/wp\/v2\/comments?post=21113"}],"version-history":[{"count":1,"href":"https:\/\/singularway.com\/en\/wp-json\/wp\/v2\/pages\/21113\/revisions"}],"predecessor-version":[{"id":23331,"href":"https:\/\/singularway.com\/en\/wp-json\/wp\/v2\/pages\/21113\/revisions\/23331"}],"wp:featuredmedia":[{"embeddable":true,"href":"https:\/\/singularway.com\/en\/wp-json\/wp\/v2\/media\/1948"}],"wp:attachment":[{"href":"https:\/\/singularway.com\/en\/wp-json\/wp\/v2\/media?parent=21113"}],"curies":[{"name":"wp","href":"https:\/\/api.w.org\/{rel}","templated":true}]}}