{"id":20988,"date":"2023-09-18T23:28:24","date_gmt":"2023-09-18T23:28:24","guid":{"rendered":"https:\/\/singularway.com\/?page_id=20988"},"modified":"2023-12-23T20:35:41","modified_gmt":"2023-12-23T20:35:41","slug":"plano-de-negocio","status":"publish","type":"page","link":"https:\/\/singularway.com\/en\/plano-de-negocio\/","title":{"rendered":"Business Plan"},"content":{"rendered":"\t\t<div data-elementor-type=\"wp-page\" data-elementor-id=\"20988\" class=\"elementor elementor-20988\" data-elementor-post-type=\"page\">\n\t\t\t\t<div class=\"elementor-element elementor-element-daff0e3 e-flex e-con-boxed e-con e-parent\" data-id=\"daff0e3\" data-element_type=\"container\" data-e-type=\"container\" data-settings=\"{&quot;background_background&quot;:&quot;classic&quot;}\">\n\t\t\t\t\t<div class=\"e-con-inner\">\n\t\t\t\t<div class=\"elementor-element elementor-element-7cb7fb9 elementor-widget elementor-widget-heading\" data-id=\"7cb7fb9\" data-element_type=\"widget\" data-e-type=\"widget\" data-widget_type=\"heading.default\">\n\t\t\t\t\t<h1 class=\"elementor-heading-title elementor-size-default\">Plano de Neg\u00f3cio<\/h1>\t\t\t\t<\/div>\n\t\t\t\t\t<\/div>\n\t\t\t\t<\/div>\n\t\t<div class=\"elementor-element elementor-element-5c255d8 e-flex e-con-boxed e-con e-parent\" data-id=\"5c255d8\" data-element_type=\"container\" data-e-type=\"container\" data-settings=\"{&quot;background_background&quot;:&quot;classic&quot;}\">\n\t\t\t\t\t<div class=\"e-con-inner\">\n\t\t<div class=\"elementor-element elementor-element-4b69008 e-flex e-con-boxed e-con e-child\" data-id=\"4b69008\" data-element_type=\"container\" data-e-type=\"container\" data-settings=\"{&quot;background_background&quot;:&quot;classic&quot;}\">\n\t\t\t\t\t<div class=\"e-con-inner\">\n\t\t\t\t\t<\/div>\n\t\t\t\t<\/div>\n\t\t\t\t\t<\/div>\n\t\t\t\t<\/div>\n\t\t<div class=\"elementor-element elementor-element-5e131e9 e-flex e-con-boxed e-con e-parent\" data-id=\"5e131e9\" data-element_type=\"container\" data-e-type=\"container\">\n\t\t\t\t\t<div class=\"e-con-inner\">\n\t\t\t\t<div class=\"elementor-element elementor-element-95738a6 elementor-widget elementor-widget-text-editor\" data-id=\"95738a6\" data-element_type=\"widget\" data-e-type=\"widget\" data-widget_type=\"text-editor.default\">\n\t\t\t\t\t\t\t\t\t<p>O Plano de Neg\u00f3cio ou plano de empresa \u00e9 um resumo das estrat\u00e9gias, a\u00e7\u00f5es e meios a que o empreendedor ir\u00e1 recorrer para que o seu projeto empresarial seja um \u00eaxito.<\/p><p>Internamente, o Plano de Neg\u00f3cios dever\u00e1 servir para que o empreendedor reflita sobre a sua ideia e o modelo de neg\u00f3cio escolhido e a estruture com coer\u00eancia, avaliando todas as possibilidades do seu desenvolvimento.<\/p><p>Externamente, \u00e9 uma excelente carta de apresenta\u00e7\u00e3o do seu projeto que lhe ser\u00e1 \u00fatil a v\u00e1rios n\u00edveis, desde convencer um poss\u00edvel s\u00f3cio e\/ou investidor a obter financiamento, captar parceiros e potenciais clientes ou candidatar-se a obter apoios p\u00fablicos.<\/p><p>Este servi\u00e7o de consultoria inclui as seguintes etapas:<\/p><ol><li>Caracteriza\u00e7\u00e3o dos Processos do Neg\u00f3cio<\/li><li>Contactos com Fornecedores para obten\u00e7\u00e3o de Propostas de Fornecimento \u201cchave-na-m\u00e3o\u201d<\/li><li>Elabora\u00e7\u00e3o do Plano de Neg\u00f3cios<\/li><\/ol>\t\t\t\t\t\t\t\t<\/div>\n\t\t\t\t\t<\/div>\n\t\t\t\t<\/div>\n\t\t<div class=\"elementor-element elementor-element-318e642 e-flex e-con-boxed e-con e-parent\" data-id=\"318e642\" data-element_type=\"container\" data-e-type=\"container\">\n\t\t\t\t\t<div class=\"e-con-inner\">\n\t\t<div class=\"elementor-element elementor-element-4c6f31e e-con-full e-flex e-con e-child\" data-id=\"4c6f31e\" data-element_type=\"container\" data-e-type=\"container\">\n\t\t\t\t<div class=\"elementor-element elementor-element-ee115cf elementor-widget elementor-widget-eael-adv-accordion\" data-id=\"ee115cf\" data-element_type=\"widget\" data-e-type=\"widget\" data-widget_type=\"eael-adv-accordion.default\">\n\t\t\t\t\t            <div class=\"eael-adv-accordion\" id=\"eael-adv-accordion-ee115cf\" data-scroll-on-click=\"no\" data-scroll-speed=\"300\" data-accordion-id=\"ee115cf\" data-accordion-type=\"accordion\" data-toogle-speed=\"300\">\n            <div class=\"eael-accordion-list\">\n\t\t\t\t\t<div id=\"solicitar-oramento\" class=\"elementor-tab-title eael-accordion-header\" tabindex=\"0\" data-tab=\"1\" aria-controls=\"elementor-tab-content-2491\"><span class=\"eael-advanced-accordion-icon-closed\"><svg aria-hidden=\"true\" class=\"fa-accordion-icon e-font-icon-svg e-fas-file-alt\" viewBox=\"0 0 384 512\" xmlns=\"http:\/\/www.w3.org\/2000\/svg\"><path d=\"M224 136V0H24C10.7 0 0 10.7 0 24v464c0 13.3 10.7 24 24 24h336c13.3 0 24-10.7 24-24V160H248c-13.2 0-24-10.8-24-24zm64 236c0 6.6-5.4 12-12 12H108c-6.6 0-12-5.4-12-12v-8c0-6.6 5.4-12 12-12h168c6.6 0 12 5.4 12 12v8zm0-64c0 6.6-5.4 12-12 12H108c-6.6 0-12-5.4-12-12v-8c0-6.6 5.4-12 12-12h168c6.6 0 12 5.4 12 12v8zm0-72v8c0 6.6-5.4 12-12 12H108c-6.6 0-12-5.4-12-12v-8c0-6.6 5.4-12 12-12h168c6.6 0 12 5.4 12 12zm96-114.1v6.1H256V0h6.1c6.4 0 12.5 2.5 17 7l97.9 98c4.5 4.5 7 10.6 7 16.9z\"><\/path><\/svg><\/span><span class=\"eael-advanced-accordion-icon-opened\"><svg aria-hidden=\"true\" class=\"fa-accordion-icon e-font-icon-svg e-fas-file-alt\" viewBox=\"0 0 384 512\" xmlns=\"http:\/\/www.w3.org\/2000\/svg\"><path d=\"M224 136V0H24C10.7 0 0 10.7 0 24v464c0 13.3 10.7 24 24 24h336c13.3 0 24-10.7 24-24V160H248c-13.2 0-24-10.8-24-24zm64 236c0 6.6-5.4 12-12 12H108c-6.6 0-12-5.4-12-12v-8c0-6.6 5.4-12 12-12h168c6.6 0 12 5.4 12 12v8zm0-64c0 6.6-5.4 12-12 12H108c-6.6 0-12-5.4-12-12v-8c0-6.6 5.4-12 12-12h168c6.6 0 12 5.4 12 12v8zm0-72v8c0 6.6-5.4 12-12 12H108c-6.6 0-12-5.4-12-12v-8c0-6.6 5.4-12 12-12h168c6.6 0 12 5.4 12 12zm96-114.1v6.1H256V0h6.1c6.4 0 12.5 2.5 17 7l97.9 98c4.5 4.5 7 10.6 7 16.9z\"><\/path><\/svg><\/span><span class=\"eael-accordion-tab-title\">Solicitar Or\u00e7amento<\/span><\/div><div id=\"elementor-tab-content-2491\" class=\"eael-accordion-content clearfix\" data-tab=\"1\" aria-labelledby=\"solicitar-oramento\"><style id=\"wpforms-css-vars-23377\">\n\t\t\t\t#wpforms-23377 {\n\t\t\t\t--wpforms-field-size-input-height: 43px;\n--wpforms-field-size-input-spacing: 15px;\n--wpforms-field-size-font-size: 16px;\n--wpforms-field-size-line-height: 19px;\n--wpforms-field-size-padding-h: 14px;\n--wpforms-field-size-checkbox-size: 16px;\n--wpforms-field-size-sublabel-spacing: 5px;\n--wpforms-field-size-icon-size: 1;\n--wpforms-label-size-font-size: 16px;\n--wpforms-label-size-line-height: 19px;\n--wpforms-label-size-sublabel-font-size: 14px;\n--wpforms-label-size-sublabel-line-height: 17px;\n--wpforms-button-size-font-size: 17px;\n--wpforms-button-size-height: 41px;\n--wpforms-button-size-padding-h: 15px;\n--wpforms-button-size-margin-top: 10px;\n--wpforms-container-shadow-size-box-shadow: none;\n\t\t\t}\n\t\t\t<\/style><div class=\"wpforms-container wpforms-container-full wpforms-render-modern\" id=\"wpforms-23377\"><form id=\"wpforms-form-23377\" class=\"wpforms-validate wpforms-form wpforms-ajax-form\" data-formid=\"23377\" method=\"post\" enctype=\"multipart\/form-data\" action=\"\/en\/wp-json\/wp\/v2\/pages\/20988\" data-token=\"66233c2ad43b20958a5317ea92c7aeb4\" data-token-time=\"1776702223\"><noscript class=\"wpforms-error-noscript\">Please enable JavaScript in your browser to complete this form.<\/noscript><div id=\"wpforms-error-noscript\" style=\"display: none;\">Please enable JavaScript in your browser to complete this form.<\/div><div class=\"wpforms-field-container\"><div id=\"wpforms-23377-field_3-container\" class=\"wpforms-field wpforms-field-text\" data-field-id=\"3\"><label class=\"wpforms-field-label\" for=\"wpforms-23377-field_3\">O seu Nome<\/label><input type=\"text\" id=\"wpforms-23377-field_3\" class=\"wpforms-field-medium\" name=\"wpforms[fields][3]\" aria-errormessage=\"wpforms-23377-field_3-error\" ><\/div><div id=\"wpforms-23377-field_1-container\" class=\"wpforms-field wpforms-field-email\" data-field-id=\"1\"><label class=\"wpforms-field-label\" for=\"wpforms-23377-field_1\">O seu Email <span class=\"wpforms-required-label\" aria-hidden=\"true\">*<\/span><\/label><input type=\"email\" id=\"wpforms-23377-field_1\" class=\"wpforms-field-medium wpforms-field-required\" name=\"wpforms[fields][1]\" spellcheck=\"false\" aria-errormessage=\"wpforms-23377-field_1-error\" required><\/div><div id=\"wpforms-23377-field_4-container\" class=\"wpforms-field wpforms-field-text\" data-field-id=\"4\"><label class=\"wpforms-field-label\" for=\"wpforms-23377-field_4\">O seu Telefone<\/label><input type=\"text\" id=\"wpforms-23377-field_4\" class=\"wpforms-field-medium\" name=\"wpforms[fields][4]\" aria-errormessage=\"wpforms-23377-field_4-error\" ><\/div><div id=\"wpforms-23377-field_5-container\" class=\"wpforms-field wpforms-field-text\" data-field-id=\"5\"><label class=\"wpforms-field-label\" for=\"wpforms-23377-field_5\">O seu pa\u00eds<\/label><input type=\"text\" id=\"wpforms-23377-field_5\" class=\"wpforms-field-medium\" name=\"wpforms[fields][5]\" aria-errormessage=\"wpforms-23377-field_5-error\" ><\/div><div id=\"wpforms-23377-field_6-container\" class=\"wpforms-field wpforms-field-text\" data-field-id=\"6\"><label class=\"wpforms-field-label\" for=\"wpforms-23377-field_6\">\u00c1rea de Neg\u00f3cio<\/label><input type=\"text\" id=\"wpforms-23377-field_6\" class=\"wpforms-field-medium\" name=\"wpforms[fields][6]\" aria-errormessage=\"wpforms-23377-field_6-error\" ><\/div><div id=\"wpforms-23377-field_7-container\" class=\"wpforms-field wpforms-field-text\" data-field-id=\"7\"><label class=\"wpforms-field-label\" for=\"wpforms-23377-field_7\">Valor do Investimento<\/label><input type=\"text\" id=\"wpforms-23377-field_7\" class=\"wpforms-field-medium\" name=\"wpforms[fields][7]\" aria-errormessage=\"wpforms-23377-field_7-error\" ><\/div><div id=\"wpforms-23377-field_2-container\" class=\"wpforms-field wpforms-field-textarea\" data-field-id=\"2\"><label class=\"wpforms-field-label\" for=\"wpforms-23377-field_2\">Mensagem<\/label><textarea id=\"wpforms-23377-field_2\" class=\"wpforms-field-medium\" name=\"wpforms[fields][2]\" aria-errormessage=\"wpforms-23377-field_2-error\" ><\/textarea><\/div><\/div><!-- .wpforms-field-container --><div class=\"wpforms-submit-container\" ><input type=\"hidden\" name=\"wpforms[id]\" value=\"23377\"><input type=\"hidden\" name=\"page_title\" value=\"\"><input type=\"hidden\" name=\"page_url\" value=\"https:\/\/singularway.com\/en\/wp-json\/wp\/v2\/pages\/20988\"><input type=\"hidden\" name=\"url_referer\" value=\"\"><button type=\"submit\" name=\"wpforms[submit]\" id=\"wpforms-submit-23377\" class=\"wpforms-submit\" data-alt-text=\"Enviando....\" data-submit-text=\"Enviar\" aria-live=\"assertive\" value=\"wpforms-submit\">Enviar<\/button><img decoding=\"async\" src=\"https:\/\/singularway.com\/wp-content\/plugins\/wpforms\/assets\/images\/submit-spin.svg\" class=\"wpforms-submit-spinner\" style=\"display: none;\" width=\"26\" height=\"26\" alt=\"Loading\"><\/div><\/form><\/div>  <!-- .wpforms-container --><\/div>\n\t\t\t\t\t<\/div><div class=\"eael-accordion-list\">\n\t\t\t\t\t<div id=\"estudo-de-viabilidade-econmica-e-financeira\" class=\"elementor-tab-title eael-accordion-header\" tabindex=\"0\" data-tab=\"2\" aria-controls=\"elementor-tab-content-2492\"><span class=\"eael-advanced-accordion-icon-closed\"><svg aria-hidden=\"true\" class=\"fa-accordion-icon e-font-icon-svg e-fas-database\" viewBox=\"0 0 448 512\" xmlns=\"http:\/\/www.w3.org\/2000\/svg\"><path d=\"M448 73.143v45.714C448 159.143 347.667 192 224 192S0 159.143 0 118.857V73.143C0 32.857 100.333 0 224 0s224 32.857 224 73.143zM448 176v102.857C448 319.143 347.667 352 224 352S0 319.143 0 278.857V176c48.125 33.143 136.208 48.572 224 48.572S399.874 209.143 448 176zm0 160v102.857C448 479.143 347.667 512 224 512S0 479.143 0 438.857V336c48.125 33.143 136.208 48.572 224 48.572S399.874 369.143 448 336z\"><\/path><\/svg><\/span><span class=\"eael-advanced-accordion-icon-opened\"><svg aria-hidden=\"true\" class=\"fa-accordion-icon e-font-icon-svg e-fas-database\" viewBox=\"0 0 448 512\" xmlns=\"http:\/\/www.w3.org\/2000\/svg\"><path d=\"M448 73.143v45.714C448 159.143 347.667 192 224 192S0 159.143 0 118.857V73.143C0 32.857 100.333 0 224 0s224 32.857 224 73.143zM448 176v102.857C448 319.143 347.667 352 224 352S0 319.143 0 278.857V176c48.125 33.143 136.208 48.572 224 48.572S399.874 209.143 448 176zm0 160v102.857C448 479.143 347.667 512 224 512S0 479.143 0 438.857V336c48.125 33.143 136.208 48.572 224 48.572S399.874 369.143 448 336z\"><\/path><\/svg><\/span><span class=\"eael-accordion-tab-title\">Estudo de Viabilidade Econ\u00f3mica e Financeira<\/span><\/div><div id=\"elementor-tab-content-2492\" class=\"eael-accordion-content clearfix\" data-tab=\"2\" aria-labelledby=\"estudo-de-viabilidade-econmica-e-financeira\"><style>.elementor-21060 .elementor-element.elementor-element-6be34f5{--display:flex;--flex-direction:column;--container-widget-width:100%;--container-widget-height:initial;--container-widget-flex-grow:0;--container-widget-align-self:initial;--flex-wrap-mobile:wrap;}.elementor-21060 .elementor-element.elementor-element-83d8afb{--display:flex;--flex-direction:column;--container-widget-width:100%;--container-widget-height:initial;--container-widget-flex-grow:0;--container-widget-align-self:initial;--flex-wrap-mobile:wrap;}.elementor-21060 .elementor-element.elementor-element-83d8afb:not(.elementor-motion-effects-element-type-background), .elementor-21060 .elementor-element.elementor-element-83d8afb > .elementor-motion-effects-container > .elementor-motion-effects-layer{background-color:#FFFFFF;}.elementor-widget-text-editor{font-family:var( --e-global-typography-text-font-family ), Sans-serif;font-size:var( --e-global-typography-text-font-size );font-weight:var( --e-global-typography-text-font-weight );}.elementor-21060 .elementor-element.elementor-element-b9b32f8{font-family:\"Montserrat\", Sans-serif;font-size:17px;font-weight:400;color:var( --e-global-color-accent );margin:-15px 0px calc(var(--kit-widget-spacing, 0px) + 0px) 0px;padding:0px 0px 0px 0px;}.elementor-widget-button .elementor-button{font-family:var( --e-global-typography-accent-font-family ), Sans-serif;font-weight:var( --e-global-typography-accent-font-weight );}.elementor-21060 .elementor-element.elementor-element-322faba .elementor-button{font-family:\"Montserrat\", Sans-serif;font-size:17px;font-weight:400;text-decoration:none;background-color:var( --e-global-color-accent );}@media(min-width:768px){.elementor-21060 .elementor-element.elementor-element-83d8afb{--content-width:500px;}}@media(max-width:1024px){.elementor-widget-text-editor{font-size:var( --e-global-typography-text-font-size );}}@media(max-width:767px){.elementor-widget-text-editor{font-size:var( --e-global-typography-text-font-size );}}<\/style>\t\t<div data-elementor-type=\"section\" data-elementor-id=\"21060\" class=\"elementor elementor-21060\" data-elementor-post-type=\"elementor_library\">\n\t\t\t<div class=\"elementor-element elementor-element-6be34f5 e-flex e-con-boxed e-con e-parent\" data-id=\"6be34f5\" data-element_type=\"container\" data-e-type=\"container\">\n\t\t\t\t\t<div class=\"e-con-inner\">\n\t\t\t\t\t<\/div>\n\t\t\t\t<\/div>\n\t\t<div class=\"elementor-element elementor-element-83d8afb e-flex e-con-boxed e-con e-parent\" data-id=\"83d8afb\" data-element_type=\"container\" data-e-type=\"container\" data-settings=\"{&quot;background_background&quot;:&quot;classic&quot;}\">\n\t\t\t\t\t<div class=\"e-con-inner\">\n\t\t\t\t<div class=\"elementor-element elementor-element-b9b32f8 elementor-widget elementor-widget-text-editor\" data-id=\"b9b32f8\" data-element_type=\"widget\" data-e-type=\"widget\" data-widget_type=\"text-editor.default\">\n\t\t\t\t\t\t\t\t\t<p>O\u00a0Estudo de Viabilidade Econ\u00f3mica de uma empresa \u00e9 fundamental para avaliar o retorno ou mais valia de um investimento e o impacto no neg\u00f3cio. A SingularWay pode desenvolver este estudo em simult\u00e2neo com o seu Plano de Neg\u00f3cio.<\/p>\t\t\t\t\t\t\t\t<\/div>\n\t\t\t\t<div class=\"elementor-element elementor-element-322faba elementor-button-warning elementor-widget elementor-widget-button\" data-id=\"322faba\" data-element_type=\"widget\" data-e-type=\"widget\" data-widget_type=\"button.default\">\n\t\t\t\t\t\t\t\t\t\t<a class=\"elementor-button elementor-button-link elementor-size-sm\" href=\"https:\/\/singularway.com\/estudo-de-viabilidade-economica-e-financeira\/\" target=\"_blank\">\n\t\t\t\t\t\t<span class=\"elementor-button-content-wrapper\">\n\t\t\t\t\t\t\t\t\t<span class=\"elementor-button-text\">Saiba mais<\/span>\n\t\t\t\t\t<\/span>\n\t\t\t\t\t<\/a>\n\t\t\t\t\t\t\t\t<\/div>\n\t\t\t\t\t<\/div>\n\t\t\t\t<\/div>\n\t\t\t\t<\/div>\n\t\t<\/div>\n\t\t\t\t\t<\/div><\/div>\t\t\t\t<\/div>\n\t\t\t\t<\/div>\n\t\t<div class=\"elementor-element elementor-element-6950a11 e-con-full e-flex e-con e-child\" data-id=\"6950a11\" data-element_type=\"container\" data-e-type=\"container\">\n\t\t\t\t<\/div>\n\t\t\t\t\t<\/div>\n\t\t\t\t<\/div>\n\t\t\t\t<\/div>\n\t\t","protected":false},"excerpt":{"rendered":"<p>Plano de Neg\u00f3cio O Plano de Neg\u00f3cio ou plano de empresa \u00e9 um resumo das estrat\u00e9gias, a\u00e7\u00f5es e meios a que o empreendedor ir\u00e1 recorrer para que o seu projeto empresarial seja um \u00eaxito. Internamente, o Plano de Neg\u00f3cios dever\u00e1 servir para que o empreendedor reflita sobre a sua ideia e o modelo de neg\u00f3cio [&hellip;]<\/p>\n","protected":false},"author":1,"featured_media":1768,"parent":0,"menu_order":0,"comment_status":"closed","ping_status":"closed","template":"","meta":{"footnotes":""},"class_list":["post-20988","page","type-page","status-publish","has-post-thumbnail","hentry"],"_links":{"self":[{"href":"https:\/\/singularway.com\/en\/wp-json\/wp\/v2\/pages\/20988","targetHints":{"allow":["GET"]}}],"collection":[{"href":"https:\/\/singularway.com\/en\/wp-json\/wp\/v2\/pages"}],"about":[{"href":"https:\/\/singularway.com\/en\/wp-json\/wp\/v2\/types\/page"}],"author":[{"embeddable":true,"href":"https:\/\/singularway.com\/en\/wp-json\/wp\/v2\/users\/1"}],"replies":[{"embeddable":true,"href":"https:\/\/singularway.com\/en\/wp-json\/wp\/v2\/comments?post=20988"}],"version-history":[{"count":13,"href":"https:\/\/singularway.com\/en\/wp-json\/wp\/v2\/pages\/20988\/revisions"}],"predecessor-version":[{"id":23639,"href":"https:\/\/singularway.com\/en\/wp-json\/wp\/v2\/pages\/20988\/revisions\/23639"}],"wp:featuredmedia":[{"embeddable":true,"href":"https:\/\/singularway.com\/en\/wp-json\/wp\/v2\/media\/1768"}],"wp:attachment":[{"href":"https:\/\/singularway.com\/en\/wp-json\/wp\/v2\/media?parent=20988"}],"curies":[{"name":"wp","href":"https:\/\/api.w.org\/{rel}","templated":true}]}}